{"id":4375,"date":"2025-09-10T15:02:59","date_gmt":"2025-09-10T12:02:59","guid":{"rendered":"https:\/\/factory40.ro\/2025\/?page_id=4375"},"modified":"2025-09-10T15:03:42","modified_gmt":"2025-09-10T12:03:42","slug":"marius-vadastreanu-2","status":"publish","type":"page","link":"https:\/\/factory40.ro\/2025\/speakers\/marius-vadastreanu-2\/","title":{"rendered":"Marius V\u0103d\u0103streanu"},"content":{"rendered":"<div class=\"bt_rc_container\"><section id=\"bt_section69d8d0417d076\" data-parallax=\"0.1\" data-parallax-offset=\"0\" class=\"boldSection topExtraSpaced bottomSpaced btDarkSkin gutter btBottomVertical btParallax wBackground cover\" style=\"background-image:url('https:\/\/factory40.ro\/2025\/wp-content\/uploads\/2025\/07\/F40-COVER-2025-4.png');\"><div class=\"port\"><div class=\"boldCell\"><div class=\"boldCellInner\"><div class=\"boldRow \" ><div class=\"boldRowInner\"><div class=\"rowItem col-md-12 col-ms-12  btTextLeft inherit\"  data-width=\"12\"><div class=\"rowItemContent\" ><header class=\"header btClear large btDash bottomDash\" ><div class=\"btSuperTitle\">Bucure\u0219ti<\/div><div class=\"dash\"><h2><span class=\"headline\"><b class=\"animate\">1<\/b> day \/ <b class=\"animate\">50<\/b> Speakers\r<br>Awesome and great speakers<\/span><\/h2><\/div><div class=\"btSubTitle\">October 9, 2025<\/div><\/header><\/div><\/div><\/div><\/div><\/div><\/div><\/div><\/section><section id=\"bt_section69d8d0417d28b\"  class=\"boldSection topSpaced bottomSpaced gutter inherit\" ><div class=\"port\"><div class=\"boldCell\"><div class=\"boldCellInner\"><div class=\"boldRow \" ><div class=\"boldRowInner\"><div class=\"rowItem col-md-2  col-sm-4 col-ms-12 btTextLeft animate animate-fadein inherit\"  data-width=\"2\"><div class=\"rowItemContent\" ><div class=\"bpgPhoto  btCircleImage\" ><div class=\"btImage\"><img decoding=\"async\" src=\"https:\/\/factory40.ro\/2025\/wp-content\/uploads\/2025\/07\/Marius-Vadastreanu-320x320.png\" alt=\"https:\/\/factory40.ro\/2025\/wp-content\/uploads\/2025\/07\/Marius-Vadastreanu-320x320.png\"><\/div><\/div><\/div><\/div><div class=\"rowItem col-md-8 col-ms-12 btTextLeft inherit\"  data-width=\"8\"><div class=\"rowItemContent\" ><header class=\"header btClear extralarge btDash bottomDash\" ><div class=\"btSuperTitle\">Speaker<\/div><div class=\"dash\"><h1><span class=\"headline\">Marius <b class=\"animate\">V\u0103d\u0103streanu<\/b><\/span><\/h1><\/div><div class=\"btSubTitle\">Marius Vad\u0103streanu is a dynamic entrepreneur and seasoned executive with more than two decades of experience in the automotive industry. His career spans IT, supply chain, and production, with leadership roles in Romania, France, and Morocco.<\/div><\/header><div class=\"btClear btSeparator topSmallSpaced noBorder\" ><hr><\/div><div class=\"btText\" ><p data-start=\"129\" data-end=\"538\">As CEO, he combines strategic vision with a global perspective, bringing deep operational expertise to the intersection of technology and vehicle manufacturing.<\/p>\n<p data-start=\"540\" data-end=\"1000\">He is widely recognized for his ability to drive digitalization in complex supply chain environments. Marius is a strong advocate for the adoption of smart technologies, emphasizing their potential to increase transparency, automate processes, provide real-time tracking, reduce inefficiencies, and enhance forecasting. Through his leadership, he continues to promote innovation and prepare organizations for the transition to Logistics 4.0 and Industry 4.0.<\/p>\n<\/div><div class=\"btClear btSeparator topSemiSpaced noBorder\" ><hr><\/div><\/div><\/div><div class=\"rowItem col-md-2  col-sm-4 col-ms-12 btTextLeft animate animate-fadein animate-moveup inherit\"  data-width=\"2\"><div class=\"rowItemContent\" ><div class=\"btClear btSeparator topSpaced noBorder\" ><hr><\/div><div class=\"btClear btSeparator topSpaced noBorder\" ><hr><\/div><header class=\"header btClear small btDash bottomDash\" ><div class=\"btSuperTitle\">Make<\/div><div class=\"dash\"><h4><span class=\"headline\">Connection<\/span><\/h4><\/div><div class=\"btSubTitle\">Follow Marius<\/div><\/header><div class=\"btClear btSeparator topExtraSmallSpaced noBorder\" ><hr><\/div><div class=\"btIconImageRow\" ><span class=\"btIco btIcoFilledType btIcoSmallSize btIcoAccentColor\"><a href=\"https:\/\/www.linkedin.com\/in\/marius-vadastreanu-4331725b\/\"  target=\"no_target\" data-ico-fa=\"&#xf0e1;\" class=\"btIcoHolder\"><\/a><\/span><\/div><div class=\"btClear btSeparator topSemiSpaced noBorder\" ><hr><\/div><header class=\"header btClear small btDash bottomDash\" ><div class=\"btSuperTitle\">Meet<\/div><div class=\"dash\"><h4><span class=\"headline\">Partner<\/span><\/h4><\/div><\/header><div class=\"btClear btSeparator topExtraSmallSpaced noBorder\" ><hr><\/div><div class=\"bpgPhoto \" ><div class=\"btImage\"><img decoding=\"async\" src=\"https:\/\/factory40.ro\/2025\/wp-content\/uploads\/2025\/09\/DWH.png\" alt=\"https:\/\/factory40.ro\/2025\/wp-content\/uploads\/2025\/09\/DWH.png\"><\/div><\/div><div class=\"btClear btSeparator topExtraSmallSpaced noBorder\" ><hr><\/div><\/div><\/div><\/div><\/div><\/div><\/div><\/div><\/section><section id=\"bt_section69d8d0417e273\" data-parallax=\"0.1\" data-parallax-offset=\"0\" class=\"boldSection topSpaced bottomSpaced btDarkSkin gutter inherit btParallax\" style=\"background-color:#022044;\"><div class=\"port\"><div class=\"boldCell\"><div class=\"boldCellInner\"><div class=\"boldRow \" ><div class=\"boldRowInner\"><div class=\"rowItem col-md-6 col-sm-12 btTextLeft inherit\"  data-width=\"6\"><div class=\"rowItemContent\" ><header class=\"header btClear extralarge btDash bottomDash\" ><div class=\"btSuperTitle\">FACTORY 4.0<\/div><div class=\"dash\"><h1><span class=\"headline\">Usefull data<\/span><\/h1><\/div><div class=\"btSubTitle\">Join the FACTORY 4.0 Investment Forum to explore Romania&#8217;s opportunities in AI &amp; Machine Learning, Digital Industrialization, Energy for Industry, Quantum Cybersecurity, Robotics &amp; Logistics Automation, and Research &amp; Technology Transfer.<\/div><\/header><div class=\"btClear btSeparator topSmallSpaced noBorder\" ><hr><\/div><\/div><\/div><div class=\"rowItem col-md-3 col-sm-6 col-ms-12 btTextLeft inherit\"  data-width=\"3\"><div class=\"rowItemContent\" ><div class=\"btClear btSeparator topSemiSpaced noBorder\" ><hr><\/div><div class=\"btClear btSeparator topSmallSpaced noBorder\" ><hr><\/div><header class=\"header btClear medium btDash bottomDash\" ><div class=\"btSuperTitle\">Become <\/div><div class=\"dash\"><h3><span class=\"headline\">A partner<\/span><\/h3><\/div><div class=\"btSubTitle\">Join a select group of industry leaders and gain access to valuable networking opportunities, exclusive content, and the ability to showcase your products.<\/div><\/header><div class=\"btClear btSeparator topSmallSpaced noBorder\" ><hr><\/div><a href=\"https:\/\/factory40.ro\/2025\/contact\/\" class=\"btBtn btBtn btnOutlineStyle btnNormalColor btnSmall btnNormalWidth btnRightPosition btnNoIcon\" ><span class=\"btnInnerText\">Become a partner<\/span><\/a><\/div><\/div><div class=\"rowItem col-md-3 col-sm-6 col-ms-12 btTextLeft\"  data-width=\"3\"><div class=\"rowItemContent\" ><div class=\"btClear btSeparator topSemiSpaced noBorder\" ><hr><\/div><div class=\"btClear btSeparator topSmallSpaced noBorder\" ><hr><\/div><header class=\"header btClear medium btDash bottomDash\" ><div class=\"btSuperTitle\">Check the<\/div><div class=\"dash\"><h3><span class=\"headline\">Schedule<\/span><\/h3><\/div><div class=\"btSubTitle\">Discover the Agenda and Speakers at the FACTORY 4.0 Conference for an unforgettable experience and engaging discussions on the future of the industry.<\/div><\/header><div class=\"btClear btSeparator topSmallSpaced noBorder\" ><hr><\/div><a href=\"https:\/\/factory40.ro\/2025\/speakers\/\" class=\"btBtn btBtn btnOutlineStyle btnAccentColor btnSmall btnNormalWidth btnRightPosition btnNoIcon\" ><span class=\"btnInnerText\">Meet the speakers<\/span><\/a><\/div><\/div><\/div><\/div><\/div><\/div><\/div><\/section><\/div>","protected":false},"excerpt":{"rendered":"","protected":false},"author":1,"featured_media":0,"parent":1146,"menu_order":0,"comment_status":"closed","ping_status":"closed","template":"","meta":{"slim_seo":{"title":"Marius V\u0103d\u0103streanu - FACTORY 40","description":"Bucure\u0219ti 1 day \/ 50 Speakers Awesome and great speakers October 9, 2025 Speaker Marius V\u0103d\u0103streanu Marius Vad\u0103streanu is a dynamic entrepreneur and seasoned ex"},"footnotes":""},"class_list":["post-4375","page","type-page","status-publish","hentry"],"_links":{"self":[{"href":"https:\/\/factory40.ro\/2025\/wp-json\/wp\/v2\/pages\/4375","targetHints":{"allow":["GET"]}}],"collection":[{"href":"https:\/\/factory40.ro\/2025\/wp-json\/wp\/v2\/pages"}],"about":[{"href":"https:\/\/factory40.ro\/2025\/wp-json\/wp\/v2\/types\/page"}],"author":[{"embeddable":true,"href":"https:\/\/factory40.ro\/2025\/wp-json\/wp\/v2\/users\/1"}],"replies":[{"embeddable":true,"href":"https:\/\/factory40.ro\/2025\/wp-json\/wp\/v2\/comments?post=4375"}],"version-history":[{"count":3,"href":"https:\/\/factory40.ro\/2025\/wp-json\/wp\/v2\/pages\/4375\/revisions"}],"predecessor-version":[{"id":4384,"href":"https:\/\/factory40.ro\/2025\/wp-json\/wp\/v2\/pages\/4375\/revisions\/4384"}],"up":[{"embeddable":true,"href":"https:\/\/factory40.ro\/2025\/wp-json\/wp\/v2\/pages\/1146"}],"wp:attachment":[{"href":"https:\/\/factory40.ro\/2025\/wp-json\/wp\/v2\/media?parent=4375"}],"curies":[{"name":"wp","href":"https:\/\/api.w.org\/{rel}","templated":true}]}}