{"id":4364,"date":"2025-09-10T14:46:28","date_gmt":"2025-09-10T11:46:28","guid":{"rendered":"https:\/\/factory40.ro\/2025\/?page_id=4364"},"modified":"2025-09-10T14:46:28","modified_gmt":"2025-09-10T11:46:28","slug":"marius-haratau","status":"publish","type":"page","link":"https:\/\/factory40.ro\/2025\/speakers\/marius-haratau\/","title":{"rendered":"Marius H\u0103r\u0103t\u0103u"},"content":{"rendered":"<div class=\"bt_rc_container\"><section id=\"bt_section69d8d0f6816ab\" data-parallax=\"0.1\" data-parallax-offset=\"0\" class=\"boldSection topExtraSpaced bottomSpaced btDarkSkin gutter btBottomVertical btParallax wBackground cover\" style=\"background-image:url('https:\/\/factory40.ro\/2025\/wp-content\/uploads\/2025\/07\/F40-COVER-2025-4.png');\"><div class=\"port\"><div class=\"boldCell\"><div class=\"boldCellInner\"><div class=\"boldRow \" ><div class=\"boldRowInner\"><div class=\"rowItem col-md-12 col-ms-12  btTextLeft inherit\"  data-width=\"12\"><div class=\"rowItemContent\" ><header class=\"header btClear large btDash bottomDash\" ><div class=\"btSuperTitle\">Bucure\u0219ti<\/div><div class=\"dash\"><h2><span class=\"headline\"><b class=\"animate\">1<\/b> day \/ <b class=\"animate\">50<\/b> Speakers\r<br>Awesome and great speakers<\/span><\/h2><\/div><div class=\"btSubTitle\">October 9, 2025<\/div><\/header><\/div><\/div><\/div><\/div><\/div><\/div><\/div><\/section><section id=\"bt_section69d8d0f6818ff\"  class=\"boldSection topSpaced bottomSpaced gutter inherit\" ><div class=\"port\"><div class=\"boldCell\"><div class=\"boldCellInner\"><div class=\"boldRow \" ><div class=\"boldRowInner\"><div class=\"rowItem col-md-2  col-sm-4 col-ms-12 btTextLeft animate animate-fadein inherit\"  data-width=\"2\"><div class=\"rowItemContent\" ><div class=\"bpgPhoto  btCircleImage\" ><div class=\"btImage\"><img decoding=\"async\" src=\"https:\/\/factory40.ro\/2025\/wp-content\/uploads\/2024\/03\/Marius-Haratau-320x320.png\" alt=\"https:\/\/factory40.ro\/2025\/wp-content\/uploads\/2024\/03\/Marius-Haratau-320x320.png\"><\/div><\/div><\/div><\/div><div class=\"rowItem col-md-8 col-ms-12 btTextLeft inherit\"  data-width=\"8\"><div class=\"rowItemContent\" ><header class=\"header btClear extralarge btDash bottomDash\" ><div class=\"btSuperTitle\">Speaker<\/div><div class=\"dash\"><h1><span class=\"headline\">Marius <b class=\"animate\">H\u0103r\u0103t\u0103u<\/b><\/span><\/h1><\/div><div class=\"btSubTitle\">Marius H\u0103r\u0103t\u0103u is a seasoned expert in digital transformation and industrial management, with over 18 years of experience spanning consulting, training, and technology integration. As a certified auditor with INFOSEC CENTER, he brings a depth of knowledge in both industrial IT systems and cybersecurity. His leadership is marked by a relentless commitment to empowering organizations through advanced digital tools and strategic guidance.<\/div><\/header><div class=\"btClear btSeparator topSmallSpaced noBorder\" ><hr><\/div><div class=\"btText\" ><p data-start=\"604\" data-end=\"995\">In 2019, Marius founded the initiative <strong>FACTOY 4.0<\/strong>, positioning it as a national catalyst for digital transformation in manufacturing. Under his guidance, Factory 4.0 has become a leading provider of consulting and training services that help businesses modernize their processes, adopt smart technologies, and achieve measurable improvements in efficiency, quality, and competitiveness.<\/p>\n<p data-start=\"997\" data-end=\"1425\">As the driving force behind <strong>INFOSEC CENTER<\/strong>, Marius has also consolidated a portfolio of brands that complement his vision: <strong data-start=\"1124\" data-end=\"1134\">edkore<\/strong>, <strong data-start=\"1136\" data-end=\"1148\">Agkultur<\/strong>, and <strong>PREDIKTIS<\/strong>. Together, these initiatives cover a wide spectrum\u2014from industrial cybersecurity and automation to digital farming technologies and predictive analytics\u2014creating an ecosystem that supports organizations in diverse sectors on their journey toward innovation.<\/p>\n<p data-start=\"1427\" data-end=\"1748\">Through his integrated leadership at INFOSEC CENTER and its associated brands, Marius H\u0103r\u0103t\u0103u continues to shape Romania\u2019s technological landscape. He bridges the gap between cutting-edge digital practices and practical business outcomes, enabling industries to thrive in an era defined by automation, data, and security.<\/p>\n<\/div><div class=\"btClear btSeparator topSemiSpaced noBorder\" ><hr><\/div><\/div><\/div><div class=\"rowItem col-md-2  col-sm-4 col-ms-12 btTextLeft animate animate-fadein animate-moveup inherit\"  data-width=\"2\"><div class=\"rowItemContent\" ><div class=\"btClear btSeparator topSpaced noBorder\" ><hr><\/div><div class=\"btClear btSeparator topSpaced noBorder\" ><hr><\/div><header class=\"header btClear small btDash bottomDash\" ><div class=\"btSuperTitle\">Make<\/div><div class=\"dash\"><h4><span class=\"headline\">Connection<\/span><\/h4><\/div><div class=\"btSubTitle\">Follow Marius<\/div><\/header><div class=\"btClear btSeparator topExtraSmallSpaced noBorder\" ><hr><\/div><div class=\"btIconImageRow\" ><span class=\"btIco btIcoFilledType btIcoSmallSize btIcoAccentColor\"><a href=\"https:\/\/www.linkedin.com\/in\/marius-h%C4%83r%C4%83t%C4%83u-aaba2a30\/\"  target=\"no_target\" data-ico-fa=\"&#xf0e1;\" class=\"btIcoHolder\"><\/a><\/span><\/div><div class=\"btClear btSeparator topSemiSpaced noBorder\" ><hr><\/div><header class=\"header btClear small btDash bottomDash\" ><div class=\"btSuperTitle\">Meet<\/div><div class=\"dash\"><h4><span class=\"headline\">Partner<\/span><\/h4><\/div><\/header><div class=\"btClear btSeparator topExtraSmallSpaced noBorder\" ><hr><\/div><div class=\"bpgPhoto \" > \r\n\t\t\t\t\t<a href=\"https:\/\/edkore.com\/\" target=\"_self\"><\/a>\r\n\t\t\t\t\t<div class=\"boldPhotoBox\"><div class=\"bpbItem\"><div class=\"btImage\"><img decoding=\"async\" src=\"https:\/\/factory40.ro\/2025\/wp-content\/uploads\/2025\/07\/EDKORE.png\" alt=\"https:\/\/factory40.ro\/2025\/wp-content\/uploads\/2025\/07\/EDKORE.png\"><\/div><\/div><\/div>\r\n\t\t\t\t\t<div class=\"captionPane btDarkSkin\">\r\n\t\t\t\t\t\t<div class=\"captionTable\">\r\n\t\t\t\t\t\t\t<div class=\"captionCell\">\r\n\t\t\t\t\t\t\t\t<div class=\"captionTxt\"><\/div>\r\n\t\t\t\t\t\t\t<\/div>\r\n\t\t\t\t\t\t<\/div>\r\n\t\t\t\t\t<\/div><\/div><div class=\"btClear btSeparator topExtraSmallSpaced noBorder\" ><hr><\/div><\/div><\/div><\/div><\/div><\/div><\/div><\/div><\/section><section id=\"bt_section69d8d0f682595\" data-parallax=\"0.1\" data-parallax-offset=\"0\" class=\"boldSection topSpaced bottomSpaced btDarkSkin gutter inherit btParallax\" style=\"background-color:#022044;\"><div class=\"port\"><div class=\"boldCell\"><div class=\"boldCellInner\"><div class=\"boldRow \" ><div class=\"boldRowInner\"><div class=\"rowItem col-md-6 col-sm-12 btTextLeft inherit\"  data-width=\"6\"><div class=\"rowItemContent\" ><header class=\"header btClear extralarge btDash bottomDash\" ><div class=\"btSuperTitle\">FACTORY 4.0<\/div><div class=\"dash\"><h1><span class=\"headline\">Usefull data<\/span><\/h1><\/div><div class=\"btSubTitle\">Join the FACTORY 4.0 Investment Forum to explore Romania&#8217;s opportunities in AI &amp; Machine Learning, Digital Industrialization, Energy for Industry, Quantum Cybersecurity, Robotics &amp; Logistics Automation, and Research &amp; Technology Transfer.<\/div><\/header><div class=\"btClear btSeparator topSmallSpaced noBorder\" ><hr><\/div><\/div><\/div><div class=\"rowItem col-md-3 col-sm-6 col-ms-12 btTextLeft inherit\"  data-width=\"3\"><div class=\"rowItemContent\" ><div class=\"btClear btSeparator topSemiSpaced noBorder\" ><hr><\/div><div class=\"btClear btSeparator topSmallSpaced noBorder\" ><hr><\/div><header class=\"header btClear medium btDash bottomDash\" ><div class=\"btSuperTitle\">Become <\/div><div class=\"dash\"><h3><span class=\"headline\">A partner<\/span><\/h3><\/div><div class=\"btSubTitle\">Join a select group of industry leaders and gain access to valuable networking opportunities, exclusive content, and the ability to showcase your products.<\/div><\/header><div class=\"btClear btSeparator topSmallSpaced noBorder\" ><hr><\/div><a href=\"https:\/\/factory40.ro\/2025\/contact\/\" class=\"btBtn btBtn btnOutlineStyle btnNormalColor btnSmall btnNormalWidth btnRightPosition btnNoIcon\" ><span class=\"btnInnerText\">Become a partner<\/span><\/a><\/div><\/div><div class=\"rowItem col-md-3 col-sm-6 col-ms-12 btTextLeft\"  data-width=\"3\"><div class=\"rowItemContent\" ><div class=\"btClear btSeparator topSemiSpaced noBorder\" ><hr><\/div><div class=\"btClear btSeparator topSmallSpaced noBorder\" ><hr><\/div><header class=\"header btClear medium btDash bottomDash\" ><div class=\"btSuperTitle\">Check the<\/div><div class=\"dash\"><h3><span class=\"headline\">Schedule<\/span><\/h3><\/div><div class=\"btSubTitle\">Discover the Agenda and Speakers at the FACTORY 4.0 Conference for an unforgettable experience and engaging discussions on the future of the industry.<\/div><\/header><div class=\"btClear btSeparator topSmallSpaced noBorder\" ><hr><\/div><a href=\"https:\/\/factory40.ro\/2025\/speakers\/\" class=\"btBtn btBtn btnOutlineStyle btnAccentColor btnSmall btnNormalWidth btnRightPosition btnNoIcon\" ><span class=\"btnInnerText\">Meet the speakers<\/span><\/a><\/div><\/div><\/div><\/div><\/div><\/div><\/div><\/section><\/div>","protected":false},"excerpt":{"rendered":"","protected":false},"author":1,"featured_media":0,"parent":1146,"menu_order":0,"comment_status":"closed","ping_status":"closed","template":"","meta":{"slim_seo":{"title":"Marius H\u0103r\u0103t\u0103u - FACTORY 40","description":"Bucure\u0219ti 1 day \/ 50 Speakers Awesome and great speakers October 9, 2025 Speaker Marius H\u0103r\u0103t\u0103u Marius H\u0103r\u0103t\u0103u is a seasoned expert in digital transformation an"},"footnotes":""},"class_list":["post-4364","page","type-page","status-publish","hentry"],"_links":{"self":[{"href":"https:\/\/factory40.ro\/2025\/wp-json\/wp\/v2\/pages\/4364","targetHints":{"allow":["GET"]}}],"collection":[{"href":"https:\/\/factory40.ro\/2025\/wp-json\/wp\/v2\/pages"}],"about":[{"href":"https:\/\/factory40.ro\/2025\/wp-json\/wp\/v2\/types\/page"}],"author":[{"embeddable":true,"href":"https:\/\/factory40.ro\/2025\/wp-json\/wp\/v2\/users\/1"}],"replies":[{"embeddable":true,"href":"https:\/\/factory40.ro\/2025\/wp-json\/wp\/v2\/comments?post=4364"}],"version-history":[{"count":2,"href":"https:\/\/factory40.ro\/2025\/wp-json\/wp\/v2\/pages\/4364\/revisions"}],"predecessor-version":[{"id":4371,"href":"https:\/\/factory40.ro\/2025\/wp-json\/wp\/v2\/pages\/4364\/revisions\/4371"}],"up":[{"embeddable":true,"href":"https:\/\/factory40.ro\/2025\/wp-json\/wp\/v2\/pages\/1146"}],"wp:attachment":[{"href":"https:\/\/factory40.ro\/2025\/wp-json\/wp\/v2\/media?parent=4364"}],"curies":[{"name":"wp","href":"https:\/\/api.w.org\/{rel}","templated":true}]}}