{"id":1311,"date":"2024-03-20T12:37:08","date_gmt":"2024-03-20T12:37:08","guid":{"rendered":"https:\/\/factory40.ro\/2025\/?page_id=1311"},"modified":"2026-01-21T11:43:50","modified_gmt":"2026-01-21T09:43:50","slug":"quantum-cybersecurity","status":"publish","type":"page","link":"https:\/\/factory40.ro\/2025\/manufacturing-investment-forum\/quantum-cybersecurity\/","title":{"rendered":"Cybersecurity 4.0: Securing the Smart Factory"},"content":{"rendered":"<div class=\"bt_rc_container\"><section id=\"bt_section69d8d1b734a64\" data-parallax=\"0.1\" data-parallax-offset=\"0\" class=\"boldSection topExtraSpaced bottomSpaced btDarkSkin gutter btBottomVertical btParallax wBackground cover\" style=\"background-image:url('https:\/\/factory40.ro\/2025\/wp-content\/uploads\/2025\/07\/F40-COVER-2025-5.png');\"><div class=\"port\"><div class=\"boldCell\"><div class=\"boldCellInner\"><div class=\"boldRow \" ><div class=\"boldRowInner\"><div class=\"rowItem col-md-12 col-ms-12  btTextLeft inherit\"  data-width=\"12\"><div class=\"rowItemContent\" ><header class=\"header btClear large btDash bottomDash\" ><div class=\"btSuperTitle\">Bucure\u0219ti<\/div><div class=\"dash\"><h2><span class=\"headline\"><b class=\"animate\">1<\/b> day \/ <b class=\"animate\">50<\/b> Speakers\r<br>Awesome and great speakers<\/span><\/h2><\/div><div class=\"btSubTitle\">October 9, 2025 &#8211; NORD EVENTS CENTER BY GLOBALWORTH, Bucharest<\/div><\/header><\/div><\/div><\/div><\/div><\/div><\/div><\/div><\/section><section id=\"bt_section69d8d1b734cca\"  class=\"boldSection topSpaced bottomSpaced gutter inherit\" ><div class=\"port\"><div class=\"boldCell\"><div class=\"boldCellInner\"><div class=\"boldRow \" ><div class=\"boldRowInner\"><div class=\"rowItem col-md-2  col-sm-4 col-ms-12 btTextLeft animate animate-fadein inherit\"  data-width=\"2\"><div class=\"rowItemContent\" ><header class=\"header btClear large btDash bottomDash\" ><div class=\"btSuperTitle\">FACTORY 4.0<\/div><div class=\"dash\"><h2><span class=\"headline\">9 Oct.<\/span><\/h2><\/div><div class=\"btSubTitle\">12:10 \u2013 13:00<\/div><\/header><a href=\"https:\/\/factory40.ro\/2025\/gallery-2025\/\" class=\"btBtn btBtn btnOutlineStyle btnAccentColor btnSmall btnNormalWidth btnLeftPosition btnNoIcon\" ><span class=\"btnInnerText\">View Gallery<\/span><\/a><\/div><\/div><div class=\"rowItem col-md-8 col-ms-12 btTextLeft inherit\"  data-width=\"8\"><div class=\"rowItemContent\" ><header class=\"header btClear extralarge btDash bottomDash\" ><div class=\"btSuperTitle\">Panel 4<\/div><div class=\"dash\"><h1><span class=\"headline\">Cybersecurity 4.0: Securing the Smart Factory<\/span><\/h1><\/div><div class=\"btSubTitle\">Cybersecurity 4.0: Securing the Smart Factory addresses protecting Romania\u2019s smart factories from cyber threats. <\/div><\/header><div class=\"btClear btSeparator topSmallSpaced noBorder\" ><hr><\/div><div class=\"btText\" ><p data-start=\"298\" data-end=\"658\">As factories become increasingly connected and automated, cyber threats are no longer just about data breaches\u2014they now target critical operations, putting entire production lines at risk. In the era of Industry 4.0, cybersecurity has become a foundational pillar of smart manufacturing, essential for business continuity, worker safety, and stakeholder trust.<\/p>\n<p data-start=\"660\" data-end=\"1113\">This panel explores the evolving cybersecurity landscape in industrial environments, focusing on risks related to industrial networks, SCADA systems, IIoT devices, and AI-driven automation. Speakers will discuss proactive defense strategies, including network segmentation, real-time monitoring, identity management, and incident response. The panel will also address alignment with EU directives on critical infrastructure protection and data security.<\/p>\n<p data-start=\"1115\" data-end=\"1406\">By bringing together cybersecurity experts, industrial leaders, and public-sector stakeholders, the session highlights best practices, emerging technologies, and cross-sector collaboration\u2014turning cybersecurity from a cost center into a competitive advantage for Romania\u2019s industrial sector.<\/p>\n<\/div><div class=\"btClear btSeparator topSemiSpaced noBorder\" ><hr><\/div><\/div><\/div><div class=\"rowItem col-md-2  col-sm-4 col-ms-12 btTextLeft animate animate-fadein animate-moveup inherit\"  data-width=\"2\"><div class=\"rowItemContent\" ><div class=\"btClear btSeparator topSpaced noBorder\" ><hr><\/div><div class=\"btClear btSeparator topSpaced noBorder\" ><hr><\/div><header class=\"header btClear small btDash bottomDash\" ><div class=\"btSuperTitle\">Make<\/div><div class=\"dash\"><h4><span class=\"headline\">Connection<\/span><\/h4><\/div><div class=\"btSubTitle\">Follow us<\/div><\/header><div class=\"btClear btSeparator topExtraSmallSpaced noBorder\" ><hr><\/div><div class=\"btIconImageRow\" ><span class=\"btIco btIcoFilledType btIcoSmallSize btIcoAccentColor\"><a href=\"https:\/\/www.facebook.com\/factory40.ro\"  target=\"no_target\" data-ico-fa=\"&#xf09a;\" class=\"btIcoHolder\"><\/a><\/span><span class=\"btIco btIcoFilledType btIcoSmallSize btIcoAccentColor\"><a href=\"https:\/\/www.linkedin.com\/company\/factory-4-0-workshop\/\"  target=\"no_target\" data-ico-fa=\"&#xf0e1;\" class=\"btIcoHolder\"><\/a><\/span><span class=\"btIco btIcoFilledType btIcoSmallSize btIcoAccentColor\"><a href=\"https:\/\/www.instagram.com\/factory40.ro\/\"  target=\"no_target\" data-ico-fa=\"&#xf16d;\" class=\"btIcoHolder\"><\/a><\/span><\/div><div class=\"btClear btSeparator topSemiSpaced noBorder\" ><hr><\/div><header class=\"header btClear small btDash bottomDash\" ><div class=\"btSuperTitle\">Forum<\/div><div class=\"dash\"><h4><span class=\"headline\">Partners<\/span><\/h4><\/div><\/header><div class=\"btClear btSeparator topExtraSmallSpaced noBorder\" ><hr><\/div><div class=\"btIconImageRow\" ><div class=\"bpgPhoto \" > \r\n\t\t\t\t\t<a href=\"https:\/\/factory40.ro\/\" target=\"_self\"><\/a>\r\n\t\t\t\t\t<div class=\"boldPhotoBox\"><div class=\"bpbItem\"><div class=\"btImage\"><img decoding=\"async\" src=\"https:\/\/factory40.ro\/2025\/wp-content\/uploads\/2024\/09\/Logo-FACTORY-4.0.jpg\" alt=\"https:\/\/factory40.ro\/2025\/wp-content\/uploads\/2024\/09\/Logo-FACTORY-4.0.jpg\"><\/div><\/div><\/div>\r\n\t\t\t\t\t<div class=\"captionPane btDarkSkin\">\r\n\t\t\t\t\t\t<div class=\"captionTable\">\r\n\t\t\t\t\t\t\t<div class=\"captionCell\">\r\n\t\t\t\t\t\t\t\t<div class=\"captionTxt\"><\/div>\r\n\t\t\t\t\t\t\t<\/div>\r\n\t\t\t\t\t\t<\/div>\r\n\t\t\t\t\t<\/div><\/div><\/div><div class=\"btIconImageRow\" ><div class=\"bpgPhoto \" > \r\n\t\t\t\t\t<a href=\"https:\/\/www.adrnordest.ro\/\" target=\"_self\"><\/a>\r\n\t\t\t\t\t<div class=\"boldPhotoBox\"><div class=\"bpbItem\"><div class=\"btImage\"><img decoding=\"async\" src=\"https:\/\/factory40.ro\/2025\/wp-content\/uploads\/2025\/07\/ADR-NE.png\" alt=\"https:\/\/factory40.ro\/2025\/wp-content\/uploads\/2025\/07\/ADR-NE.png\"><\/div><\/div><\/div>\r\n\t\t\t\t\t<div class=\"captionPane btDarkSkin\">\r\n\t\t\t\t\t\t<div class=\"captionTable\">\r\n\t\t\t\t\t\t\t<div class=\"captionCell\">\r\n\t\t\t\t\t\t\t\t<div class=\"captionTxt\"><\/div>\r\n\t\t\t\t\t\t\t<\/div>\r\n\t\t\t\t\t\t<\/div>\r\n\t\t\t\t\t<\/div><\/div><\/div><div class=\"btIconImageRow\" ><div class=\"bpgPhoto \" > \r\n\t\t\t\t\t<a href=\"https:\/\/www.sqs.world\/\" target=\"_self\"><\/a>\r\n\t\t\t\t\t<div class=\"boldPhotoBox\"><div class=\"bpbItem\"><div class=\"btImage\"><img decoding=\"async\" src=\"https:\/\/factory40.ro\/2025\/wp-content\/uploads\/2025\/08\/SQS.png\" alt=\"https:\/\/factory40.ro\/2025\/wp-content\/uploads\/2025\/08\/SQS.png\"><\/div><\/div><\/div>\r\n\t\t\t\t\t<div class=\"captionPane btDarkSkin\">\r\n\t\t\t\t\t\t<div class=\"captionTable\">\r\n\t\t\t\t\t\t\t<div class=\"captionCell\">\r\n\t\t\t\t\t\t\t\t<div class=\"captionTxt\"><\/div>\r\n\t\t\t\t\t\t\t<\/div>\r\n\t\t\t\t\t\t<\/div>\r\n\t\t\t\t\t<\/div><\/div><\/div><div class=\"btIconImageRow\" ><div class=\"bpgPhoto \" > \r\n\t\t\t\t\t<a href=\"https:\/\/www.tuv-austria.ro\/\" target=\"_self\"><\/a>\r\n\t\t\t\t\t<div class=\"boldPhotoBox\"><div class=\"bpbItem\"><div class=\"btImage\"><img decoding=\"async\" src=\"https:\/\/factory40.ro\/2025\/wp-content\/uploads\/2025\/08\/Tuv-Austria.png\" alt=\"https:\/\/factory40.ro\/2025\/wp-content\/uploads\/2025\/08\/Tuv-Austria.png\"><\/div><\/div><\/div>\r\n\t\t\t\t\t<div class=\"captionPane btDarkSkin\">\r\n\t\t\t\t\t\t<div class=\"captionTable\">\r\n\t\t\t\t\t\t\t<div class=\"captionCell\">\r\n\t\t\t\t\t\t\t\t<div class=\"captionTxt\"><\/div>\r\n\t\t\t\t\t\t\t<\/div>\r\n\t\t\t\t\t\t<\/div>\r\n\t\t\t\t\t<\/div><\/div><\/div><div class=\"btIconImageRow\" ><div class=\"bpgPhoto \" > \r\n\t\t\t\t\t<a href=\"https:\/\/www.acronis.com\/ro-ro\/\" target=\"_self\"><\/a>\r\n\t\t\t\t\t<div class=\"boldPhotoBox\"><div class=\"bpbItem\"><div class=\"btImage\"><img decoding=\"async\" src=\"https:\/\/factory40.ro\/2025\/wp-content\/uploads\/2025\/08\/ACRONIS.png\" alt=\"https:\/\/factory40.ro\/2025\/wp-content\/uploads\/2025\/08\/ACRONIS.png\"><\/div><\/div><\/div>\r\n\t\t\t\t\t<div class=\"captionPane btDarkSkin\">\r\n\t\t\t\t\t\t<div class=\"captionTable\">\r\n\t\t\t\t\t\t\t<div class=\"captionCell\">\r\n\t\t\t\t\t\t\t\t<div class=\"captionTxt\"><\/div>\r\n\t\t\t\t\t\t\t<\/div>\r\n\t\t\t\t\t\t<\/div>\r\n\t\t\t\t\t<\/div><\/div><\/div><div class=\"btIconImageRow\" ><div class=\"bpgPhoto \" > \r\n\t\t\t\t\t<a href=\"https:\/\/women4cyber.ro\/\" target=\"_self\"><\/a>\r\n\t\t\t\t\t<div class=\"boldPhotoBox\"><div class=\"bpbItem\"><div class=\"btImage\"><img decoding=\"async\" src=\"https:\/\/factory40.ro\/2025\/wp-content\/uploads\/2025\/08\/w4c.png\" alt=\"https:\/\/factory40.ro\/2025\/wp-content\/uploads\/2025\/08\/w4c.png\"><\/div><\/div><\/div>\r\n\t\t\t\t\t<div class=\"captionPane btDarkSkin\">\r\n\t\t\t\t\t\t<div class=\"captionTable\">\r\n\t\t\t\t\t\t\t<div class=\"captionCell\">\r\n\t\t\t\t\t\t\t\t<div class=\"captionTxt\"><\/div>\r\n\t\t\t\t\t\t\t<\/div>\r\n\t\t\t\t\t\t<\/div>\r\n\t\t\t\t\t<\/div><\/div><\/div><div class=\"btIconImageRow\" ><div class=\"bpgPhoto \" > \r\n\t\t\t\t\t<a href=\"https:\/\/infoseccenter.ro\/\" target=\"_self\"><\/a>\r\n\t\t\t\t\t<div class=\"boldPhotoBox\"><div class=\"bpbItem\"><div class=\"btImage\"><img decoding=\"async\" src=\"https:\/\/factory40.ro\/2025\/wp-content\/uploads\/2025\/08\/infosewc.png\" alt=\"https:\/\/factory40.ro\/2025\/wp-content\/uploads\/2025\/08\/infosewc.png\"><\/div><\/div><\/div>\r\n\t\t\t\t\t<div class=\"captionPane btDarkSkin\">\r\n\t\t\t\t\t\t<div class=\"captionTable\">\r\n\t\t\t\t\t\t\t<div class=\"captionCell\">\r\n\t\t\t\t\t\t\t\t<div class=\"captionTxt\"><\/div>\r\n\t\t\t\t\t\t\t<\/div>\r\n\t\t\t\t\t\t<\/div>\r\n\t\t\t\t\t<\/div><\/div><\/div><div class=\"btIconImageRow\" ><div class=\"bpgPhoto \" > \r\n\t\t\t\t\t<a href=\"https:\/\/datanets.ro\/en\/\" target=\"_self\"><\/a>\r\n\t\t\t\t\t<div class=\"boldPhotoBox\"><div class=\"bpbItem\"><div class=\"btImage\"><img decoding=\"async\" src=\"https:\/\/factory40.ro\/2025\/wp-content\/uploads\/2025\/10\/Datanet-Systems.png\" alt=\"https:\/\/factory40.ro\/2025\/wp-content\/uploads\/2025\/10\/Datanet-Systems.png\"><\/div><\/div><\/div>\r\n\t\t\t\t\t<div class=\"captionPane btDarkSkin\">\r\n\t\t\t\t\t\t<div class=\"captionTable\">\r\n\t\t\t\t\t\t\t<div class=\"captionCell\">\r\n\t\t\t\t\t\t\t\t<div class=\"captionTxt\"><\/div>\r\n\t\t\t\t\t\t\t<\/div>\r\n\t\t\t\t\t\t<\/div>\r\n\t\t\t\t\t<\/div><\/div><\/div><div class=\"btClear btSeparator topExtraSmallSpaced noBorder\" ><hr><\/div><\/div><\/div><\/div><\/div><\/div><\/div><\/div><\/section><section id=\"bt_section69d8d1b736c45\"  class=\"boldSection topSpaced bottomSpaced btDarkSkin gutter inherit\" style=\"background-color:#022044;\"><div class=\"port\"><div class=\"boldCell\"><div class=\"boldCellInner\"><div class=\"boldRow \" ><div class=\"boldRowInner\"><div class=\"rowItem col-md-6 col-sm-12 btTextLeft inherit\"  data-width=\"6\"><div class=\"rowItemContent\" ><header class=\"header btClear extralarge btDash bottomDash\" ><div class=\"btSuperTitle\">Panel 4 \u2013 Cybersecurity 4.0: Securing the Smart Factory<\/div><div class=\"dash\"><h1><span class=\"headline\">Moderator<\/span><\/h1><\/div><div class=\"btSubTitle\">Cybersecurity 4.0: Securing the Smart Factory addresses protecting Romania\u2019s smart factories from cyber threats. This panel explores advanced security for IoT, AI, and automation, ensuring resilient, safe industrial digitalization.<\/div><\/header><\/div><\/div><div class=\"rowItem col-md-3 col-sm-6 col-ms-12 btTextLeft animate animate-fadein animate-moveup btTextIndent inherit\"  data-width=\"3\"><div class=\"rowItemContent\" background-color: rgba(15, 43, 82, 1); ><\/div><\/div><div class=\"rowItem col-md-3 col-sm-6 col-ms-12 btTextLeft animate animate-fadein animate-moveup btTextIndent inherit\"  data-width=\"3\"><div class=\"rowItemContent\" background-color: rgba(15, 43, 82, 1); ><div class=\"bpgPhoto \" > \r\n\t\t\t\t\t<a href=\"https:\/\/factory40.ro\/2025\/speakers\/miruna-mihailovici\/\" target=\"_self\"><\/a>\r\n\t\t\t\t\t<div class=\"boldPhotoBox\"><div class=\"bpbItem\"><div class=\"btImage\"><img decoding=\"async\" src=\"https:\/\/factory40.ro\/2025\/wp-content\/uploads\/2025\/07\/Miruna-Mihailovici.png\" alt=\"https:\/\/factory40.ro\/2025\/wp-content\/uploads\/2025\/07\/Miruna-Mihailovici.png\"><\/div><\/div><\/div>\r\n\t\t\t\t\t<div class=\"captionPane btDarkSkin\">\r\n\t\t\t\t\t\t<div class=\"captionTable\">\r\n\t\t\t\t\t\t\t<div class=\"captionCell\">\r\n\t\t\t\t\t\t\t\t<div class=\"captionTxt\"><\/div>\r\n\t\t\t\t\t\t\t<\/div>\r\n\t\t\t\t\t\t<\/div>\r\n\t\t\t\t\t<\/div><\/div><div class=\"btClear btSeparator topSmallSpaced noBorder\" ><hr><\/div><header class=\"header btClear medium btDash bottomDash\" ><div class=\"btSuperTitle\">Miruna<\/div><div class=\"dash\"><h3><span class=\"headline\">Mihailovici<\/span><\/h3><\/div><div class=\"btSubTitle\">Moderator<\/div><\/header><div class=\"btClear btSeparator topSmallSpaced noBorder\" ><hr><\/div><\/div><\/div><\/div><\/div><\/div><\/div><\/div><\/section><section id=\"bt_section69d8d1b737633\"  class=\"boldSection topSpaced bottomSpaced gutter inherit\" style=\"background-color:#f1f1f1;\"><div class=\"port\"><div class=\"boldCell\"><div class=\"boldCellInner\"><div class=\"boldRow \" ><div class=\"boldRowInner\"><div class=\"rowItem col-md-6 col-sm-12 btTextLeft inherit\"  data-width=\"6\"><div class=\"rowItemContent\" ><header class=\"header btClear extralarge btDash bottomDash\" ><div class=\"btSuperTitle\">Panel 4 \u2013 Cybersecurity 4.0: Securing the Smart Factory<\/div><div class=\"dash\"><h1><span class=\"headline\">Speakers<\/span><\/h1><\/div><div class=\"btSubTitle\">Our panel of speakers brings a wealth of experience and expertise in the field of Quantum Security and its transformative impact across critical sectors. Offering cutting-edge insights and the latest updates on advancements in quantum-safe technologies, our experts come from diverse backgrounds including quantum cryptography, secure communications, ethical considerations, and real-world implementations in industries such as defense, finance, and critical infrastructure.<\/div><\/header><\/div><\/div><div class=\"rowItem col-md-3 col-sm-6 col-ms-12 btTextLeft animate animate-fadein animate-moveup btTextIndent inherit\"  data-width=\"3\"><div class=\"rowItemContent\" background-color: rgba(255, 255, 255, 1); ><div class=\"bpgPhoto btTextCenter\" > \r\n\t\t\t\t\t<a href=\"https:\/\/factory40.ro\/2025\/speakers\/zain-premji-2\/\" target=\"_self\"><\/a>\r\n\t\t\t\t\t<div class=\"boldPhotoBox\"><div class=\"bpbItem\"><div class=\"btImage\"><img decoding=\"async\" src=\"https:\/\/factory40.ro\/2025\/wp-content\/uploads\/2025\/07\/ZAIN-PREMJI.png\" alt=\"https:\/\/factory40.ro\/2025\/wp-content\/uploads\/2025\/07\/ZAIN-PREMJI.png\"><\/div><\/div><\/div>\r\n\t\t\t\t\t<div class=\"captionPane btDarkSkin\">\r\n\t\t\t\t\t\t<div class=\"captionTable\">\r\n\t\t\t\t\t\t\t<div class=\"captionCell\">\r\n\t\t\t\t\t\t\t\t<div class=\"captionTxt\"><\/div>\r\n\t\t\t\t\t\t\t<\/div>\r\n\t\t\t\t\t\t<\/div>\r\n\t\t\t\t\t<\/div><\/div><div class=\"btClear btSeparator topSmallSpaced noBorder\" ><hr><\/div><header class=\"header btClear medium btDash bottomDash\" ><div class=\"btSuperTitle\">Zain<\/div><div class=\"dash\"><h3><span class=\"headline\">Premji<\/span><\/h3><\/div><div class=\"btSubTitle\">SQS<\/div><\/header><div class=\"btClear btSeparator topSmallSpaced noBorder\" ><hr><\/div><\/div><\/div><div class=\"rowItem col-md-3 col-sm-6 col-ms-12 btTextLeft animate animate-fadein animate-moveup btTextIndent inherit\"  data-width=\"3\"><div class=\"rowItemContent\" background-color: rgba(255, 255, 255, 1); ><div class=\"bpgPhoto btTextCenter\" > \r\n\t\t\t\t\t<a href=\"https:\/\/factory40.ro\/2025\/speakers\/rares-macarov\/\" target=\"_self\"><\/a>\r\n\t\t\t\t\t<div class=\"boldPhotoBox\"><div class=\"bpbItem\"><div class=\"btImage\"><img decoding=\"async\" src=\"https:\/\/factory40.ro\/2025\/wp-content\/uploads\/2025\/07\/Rares-Macarov-TUV.png\" alt=\"https:\/\/factory40.ro\/2025\/wp-content\/uploads\/2025\/07\/Rares-Macarov-TUV.png\"><\/div><\/div><\/div>\r\n\t\t\t\t\t<div class=\"captionPane btDarkSkin\">\r\n\t\t\t\t\t\t<div class=\"captionTable\">\r\n\t\t\t\t\t\t\t<div class=\"captionCell\">\r\n\t\t\t\t\t\t\t\t<div class=\"captionTxt\"><\/div>\r\n\t\t\t\t\t\t\t<\/div>\r\n\t\t\t\t\t\t<\/div>\r\n\t\t\t\t\t<\/div><\/div><div class=\"btClear btSeparator topSmallSpaced noBorder\" ><hr><\/div><header class=\"header btClear medium btDash bottomDash\" ><div class=\"btSuperTitle\">Rares<\/div><div class=\"dash\"><h3><span class=\"headline\">Macarov<\/span><\/h3><\/div><div class=\"btSubTitle\">TUV Austria Romania<\/div><\/header><div class=\"btClear btSeparator topSmallSpaced noBorder\" ><hr><\/div><\/div><\/div><\/div><\/div><div class=\"boldRow \" ><div class=\"boldRowInner\"><div class=\"rowItem col-md-12 col-ms-12  btTextLeft animate animate-fadein animate-moveup inherit\"  data-width=\"12\"><div class=\"rowItemContent\" ><div class=\"btClear btSeparator topSmallSpaced noBorder\" ><hr><\/div><\/div><\/div><\/div><\/div><div class=\"boldRow \" ><div class=\"boldRowInner\"><div class=\"rowItem col-md-3 col-sm-6 col-ms-12 btTextLeft animate animate-fadein animate-moveup btTextIndent inherit\"  data-width=\"3\"><div class=\"rowItemContent\" background-color: rgba(255, 255, 255, 1); ><div class=\"bpgPhoto btTextCenter\" > \r\n\t\t\t\t\t<a href=\"https:\/\/factory40.ro\/2025\/speakers\/denis-valter-cassinerio-3\/\" target=\"_self\"><\/a>\r\n\t\t\t\t\t<div class=\"boldPhotoBox\"><div class=\"bpbItem\"><div class=\"btImage\"><img decoding=\"async\" src=\"https:\/\/factory40.ro\/2025\/wp-content\/uploads\/2025\/08\/Denis-Valter-Cassinerio-1.png\" alt=\"https:\/\/factory40.ro\/2025\/wp-content\/uploads\/2025\/08\/Denis-Valter-Cassinerio-1.png\"><\/div><\/div><\/div>\r\n\t\t\t\t\t<div class=\"captionPane btDarkSkin\">\r\n\t\t\t\t\t\t<div class=\"captionTable\">\r\n\t\t\t\t\t\t\t<div class=\"captionCell\">\r\n\t\t\t\t\t\t\t\t<div class=\"captionTxt\"><\/div>\r\n\t\t\t\t\t\t\t<\/div>\r\n\t\t\t\t\t\t<\/div>\r\n\t\t\t\t\t<\/div><\/div><div class=\"btClear btSeparator topSmallSpaced noBorder\" ><hr><\/div><header class=\"header btClear medium btDash bottomDash\" ><div class=\"btSuperTitle\">Denis Valter <\/div><div class=\"dash\"><h3><span class=\"headline\">Cassinerio<\/span><\/h3><\/div><div class=\"btSubTitle\">ACRONIS<\/div><\/header><div class=\"btClear btSeparator topSmallSpaced noBorder\" ><hr><\/div><\/div><\/div><div class=\"rowItem col-md-3 col-sm-6 col-ms-12 btTextLeft animate animate-fadein animate-moveup btTextIndent inherit\"  data-width=\"3\"><div class=\"rowItemContent\" background-color: rgba(255, 255, 255, 1); ><div class=\"bpgPhoto btTextCenter\" > \r\n\t\t\t\t\t<a href=\"https:\/\/factory40.ro\/2025\/speakers\/fraga-tariuc\/\" target=\"_self\"><\/a>\r\n\t\t\t\t\t<div class=\"boldPhotoBox\"><div class=\"bpbItem\"><div class=\"btImage\"><img decoding=\"async\" src=\"https:\/\/factory40.ro\/2025\/wp-content\/uploads\/2024\/03\/F40-2024-Speaker-2.png\" alt=\"https:\/\/factory40.ro\/2025\/wp-content\/uploads\/2024\/03\/F40-2024-Speaker-2.png\"><\/div><\/div><\/div>\r\n\t\t\t\t\t<div class=\"captionPane btDarkSkin\">\r\n\t\t\t\t\t\t<div class=\"captionTable\">\r\n\t\t\t\t\t\t\t<div class=\"captionCell\">\r\n\t\t\t\t\t\t\t\t<div class=\"captionTxt\"><\/div>\r\n\t\t\t\t\t\t\t<\/div>\r\n\t\t\t\t\t\t<\/div>\r\n\t\t\t\t\t<\/div><\/div><div class=\"btClear btSeparator topSmallSpaced noBorder\" ><hr><\/div><header class=\"header btClear medium btDash bottomDash\" ><div class=\"btSuperTitle\">Fraga<\/div><div class=\"dash\"><h3><span class=\"headline\">Tariuc <\/span><\/h3><\/div><div class=\"btSubTitle\">Women4Cyber Romania<\/div><\/header><div class=\"btClear btSeparator topSmallSpaced noBorder\" ><hr><\/div><\/div><\/div><div class=\"rowItem col-md-3 col-sm-6 col-ms-12 btTextLeft animate animate-fadein animate-moveup btTextIndent inherit\"  data-width=\"3\"><div class=\"rowItemContent\" background-color: rgba(255, 255, 255, 1); ><div class=\"bpgPhoto btTextCenter\" > \r\n\t\t\t\t\t<a href=\"https:\/\/factory40.ro\/2025\/speakers\/marius-haratau\/\" target=\"_self\"><\/a>\r\n\t\t\t\t\t<div class=\"boldPhotoBox\"><div class=\"bpbItem\"><div class=\"btImage\"><img decoding=\"async\" src=\"https:\/\/factory40.ro\/2025\/wp-content\/uploads\/2024\/03\/Marius-Haratau.png\" alt=\"https:\/\/factory40.ro\/2025\/wp-content\/uploads\/2024\/03\/Marius-Haratau.png\"><\/div><\/div><\/div>\r\n\t\t\t\t\t<div class=\"captionPane btDarkSkin\">\r\n\t\t\t\t\t\t<div class=\"captionTable\">\r\n\t\t\t\t\t\t\t<div class=\"captionCell\">\r\n\t\t\t\t\t\t\t\t<div class=\"captionTxt\"><\/div>\r\n\t\t\t\t\t\t\t<\/div>\r\n\t\t\t\t\t\t<\/div>\r\n\t\t\t\t\t<\/div><\/div><div class=\"btClear btSeparator topSmallSpaced noBorder\" ><hr><\/div><header class=\"header btClear medium btDash bottomDash\" ><div class=\"btSuperTitle\">Marius<\/div><div class=\"dash\"><h3><span class=\"headline\">H\u0103r\u0103t\u0103u<\/span><\/h3><\/div><div class=\"btSubTitle\">Infosec Center<\/div><\/header><div class=\"btClear btSeparator topSmallSpaced noBorder\" ><hr><\/div><\/div><\/div><div class=\"rowItem col-md-3 col-sm-6 col-ms-12 btTextLeft animate animate-fadein animate-moveup btTextIndent inherit\"  data-width=\"3\"><div class=\"rowItemContent\" background-color: rgba(255, 255, 255, 1); ><div class=\"bpgPhoto btTextCenter\" > \r\n\t\t\t\t\t<a href=\"https:\/\/factory40.ro\/2025\/speakers\/cornel-chirculete2025\/\" target=\"_self\"><\/a>\r\n\t\t\t\t\t<div class=\"boldPhotoBox\"><div class=\"bpbItem\"><div class=\"btImage\"><img decoding=\"async\" src=\"https:\/\/factory40.ro\/2025\/wp-content\/uploads\/2025\/10\/Cornel-Chirculete.png\" alt=\"https:\/\/factory40.ro\/2025\/wp-content\/uploads\/2025\/10\/Cornel-Chirculete.png\"><\/div><\/div><\/div>\r\n\t\t\t\t\t<div class=\"captionPane btDarkSkin\">\r\n\t\t\t\t\t\t<div class=\"captionTable\">\r\n\t\t\t\t\t\t\t<div class=\"captionCell\">\r\n\t\t\t\t\t\t\t\t<div class=\"captionTxt\"><\/div>\r\n\t\t\t\t\t\t\t<\/div>\r\n\t\t\t\t\t\t<\/div>\r\n\t\t\t\t\t<\/div><\/div><div class=\"btClear btSeparator topSmallSpaced noBorder\" ><hr><\/div><header class=\"header btClear medium btDash bottomDash\" ><div class=\"btSuperTitle\">Cornel <\/div><div class=\"dash\"><h3><span class=\"headline\">Chirculete<\/span><\/h3><\/div><div class=\"btSubTitle\">Datanet Systems<\/div><\/header><div class=\"btClear btSeparator topSmallSpaced noBorder\" ><hr><\/div><\/div><\/div><\/div><\/div><div class=\"boldRow \" ><div class=\"boldRowInner\"><div class=\"rowItem col-md-12 col-ms-12  btTextLeft animate animate-fadein animate-moveup inherit\"  data-width=\"12\"><div class=\"rowItemContent\" ><div class=\"btClear btSeparator topSmallSpaced noBorder\" ><hr><\/div><\/div><\/div><\/div><\/div><\/div><\/div><\/div><\/section><section id=\"bt_section69d8d1b739ea4\"  class=\"boldSection topSpaced bottomSpaced btDarkSkin gutter inherit\" style=\"background-color:#022044;\"><div class=\"port\"><div class=\"boldCell\"><div class=\"boldCellInner\"><\/div><\/div><\/div><\/section><\/div>","protected":false},"excerpt":{"rendered":"","protected":false},"author":1,"featured_media":0,"parent":1032,"menu_order":0,"comment_status":"closed","ping_status":"closed","template":"","meta":{"slim_seo":{"title":"Cybersecurity 4.0: Securing the Smart Factory - FACTORY 40","description":"Bucure\u0219ti 1 day \/ 50 Speakers Awesome and great speakers October 9, 2025 &#8211; NORD EVENTS CENTER BY GLOBALWORTH, Bucharest FACTORY 4.0 9 Oct. 12:10 \u2013 13:00 V"},"footnotes":""},"class_list":["post-1311","page","type-page","status-publish","hentry"],"_links":{"self":[{"href":"https:\/\/factory40.ro\/2025\/wp-json\/wp\/v2\/pages\/1311","targetHints":{"allow":["GET"]}}],"collection":[{"href":"https:\/\/factory40.ro\/2025\/wp-json\/wp\/v2\/pages"}],"about":[{"href":"https:\/\/factory40.ro\/2025\/wp-json\/wp\/v2\/types\/page"}],"author":[{"embeddable":true,"href":"https:\/\/factory40.ro\/2025\/wp-json\/wp\/v2\/users\/1"}],"replies":[{"embeddable":true,"href":"https:\/\/factory40.ro\/2025\/wp-json\/wp\/v2\/comments?post=1311"}],"version-history":[{"count":5,"href":"https:\/\/factory40.ro\/2025\/wp-json\/wp\/v2\/pages\/1311\/revisions"}],"predecessor-version":[{"id":5237,"href":"https:\/\/factory40.ro\/2025\/wp-json\/wp\/v2\/pages\/1311\/revisions\/5237"}],"up":[{"embeddable":true,"href":"https:\/\/factory40.ro\/2025\/wp-json\/wp\/v2\/pages\/1032"}],"wp:attachment":[{"href":"https:\/\/factory40.ro\/2025\/wp-json\/wp\/v2\/media?parent=1311"}],"curies":[{"name":"wp","href":"https:\/\/api.w.org\/{rel}","templated":true}]}}