{"id":1418,"date":"2024-03-29T08:55:34","date_gmt":"2024-03-29T08:55:34","guid":{"rendered":"https:\/\/factory40.ro\/2024\/?page_id=1418"},"modified":"2024-03-29T08:55:34","modified_gmt":"2024-03-29T08:55:34","slug":"razvan-encica","status":"publish","type":"page","link":"https:\/\/factory40.ro\/2024\/speakers\/razvan-encica\/","title":{"rendered":"R\u0103zvan Encic\u0103"},"content":{"rendered":"<div class=\"bt_rc_container\"><section id=\"bt_section69d7aaa243e08\" data-parallax=\"0.1\" data-parallax-offset=\"0\" class=\"boldSection topExtraSpaced bottomSpaced btDarkSkin gutter btBottomVertical btParallax wBackground cover\" style=\"background-image:url('https:\/\/factory40.ro\/2024\/wp-content\/uploads\/2024\/03\/PHOTO-FACTORY-4.0-9.png');\"><div class=\"port\"><div class=\"boldCell\"><div class=\"boldCellInner\"><div class=\"boldRow \" ><div class=\"boldRowInner\"><div class=\"rowItem col-md-12 col-ms-12  btTextLeft inherit\"  data-width=\"12\"><div class=\"rowItemContent\" ><header class=\"header btClear large btDash bottomDash\" ><div class=\"btSuperTitle\">Bucure\u0219ti<\/div><div class=\"dash\"><h2><span class=\"headline\"><b class=\"animate\">1<\/b> day \/ <b class=\"animate\">50<\/b> Speakers\r<br>Awesome and great speakers<\/span><\/h2><\/div><div class=\"btSubTitle\">October 17, 2024<\/div><\/header><\/div><\/div><\/div><\/div><\/div><\/div><\/div><\/section><section id=\"bt_section69d7aaa2440a3\"  class=\"boldSection topSpaced bottomSpaced gutter inherit\" ><div class=\"port\"><div class=\"boldCell\"><div class=\"boldCellInner\"><div class=\"boldRow \" ><div class=\"boldRowInner\"><div class=\"rowItem col-md-2  col-sm-4 col-ms-12 btTextLeft animate animate-fadein inherit\"  data-width=\"2\"><div class=\"rowItemContent\" ><div class=\"bpgPhoto  btCircleImage\" ><div class=\"btImage\"><img decoding=\"async\" src=\"https:\/\/factory40.ro\/2024\/wp-content\/uploads\/2024\/03\/F40-2024-Speaker-3-320x320.png\" alt=\"https:\/\/factory40.ro\/2024\/wp-content\/uploads\/2024\/03\/F40-2024-Speaker-3-320x320.png\"><\/div><\/div><\/div><\/div><div class=\"rowItem col-md-8 col-ms-12 btTextLeft inherit\"  data-width=\"8\"><div class=\"rowItemContent\" ><header class=\"header btClear extralarge btDash bottomDash\" ><div class=\"btSuperTitle\">Speaker<\/div><div class=\"dash\"><h1><span class=\"headline\">R\u0103zvan <b class=\"animate\">Encic\u0103<\/b><\/span><\/h1><\/div><div class=\"btSubTitle\">Starting July 1, 2021, R\u0103zvan Encic\u0103 has taken over the leadership of the Phoenix Contact subsidiary in Romania. <\/div><\/header><div class=\"btClear btSeparator topSmallSpaced noBorder\" ><hr><\/div><div class=\"btText\" ><p>With over 13 years of experience in the company in various roles, such as Sales and Marketing Director, R\u0103zvan Encic\u0103 is a graduate of technical university studies, specializing in Industrial Automation, at the Polytechnic University of Bucharest.<\/p>\n<\/div><div class=\"btClear btSeparator topSemiSpaced noBorder\" ><hr><\/div><\/div><\/div><div class=\"rowItem col-md-2  col-sm-4 col-ms-12 btTextLeft animate animate-fadein animate-moveup inherit\"  data-width=\"2\"><div class=\"rowItemContent\" ><div class=\"btClear btSeparator topSpaced noBorder\" ><hr><\/div><div class=\"btClear btSeparator topSpaced noBorder\" ><hr><\/div><header class=\"header btClear small btDash bottomDash\" ><div class=\"btSuperTitle\">Make<\/div><div class=\"dash\"><h4><span class=\"headline\">Connection<\/span><\/h4><\/div><div class=\"btSubTitle\">Follow R\u0103zavn<\/div><\/header><div class=\"btClear btSeparator topExtraSmallSpaced noBorder\" ><hr><\/div><div class=\"btIconImageRow\" ><span class=\"btIco btIcoFilledType btIcoSmallSize btIcoAccentColor\"><a href=\"https:\/\/www.linkedin.com\/in\/razvan-e-75261139\/\"  target=\"no_target\" data-ico-fa=\"&#xf0e1;\" class=\"btIcoHolder\"><\/a><\/span><\/div><div class=\"btClear btSeparator topSemiSpaced noBorder\" ><hr><\/div><header class=\"header btClear small btDash bottomDash\" ><div class=\"btSuperTitle\">Meet<\/div><div class=\"dash\"><h4><span class=\"headline\">Partner<\/span><\/h4><\/div><\/header><div class=\"btClear btSeparator topExtraSmallSpaced noBorder\" ><hr><\/div><div class=\"bpgPhoto \" ><div class=\"btImage\"><img decoding=\"async\" src=\"https:\/\/factory40.ro\/2024\/wp-content\/uploads\/2024\/03\/Parteneri-F40-2.png\" alt=\"https:\/\/factory40.ro\/2024\/wp-content\/uploads\/2024\/03\/Parteneri-F40-2.png\"><\/div><\/div><div class=\"btClear btSeparator topExtraSmallSpaced noBorder\" ><hr><\/div><\/div><\/div><\/div><\/div><\/div><\/div><\/div><\/section><section id=\"bt_section69d7aaa244a47\" data-parallax=\"0.1\" data-parallax-offset=\"0\" class=\"boldSection topSpaced bottomSpaced btDarkSkin gutter inherit btParallax\" style=\"background-color:#022044;\"><div class=\"port\"><div class=\"boldCell\"><div class=\"boldCellInner\"><div class=\"boldRow \" ><div class=\"boldRowInner\"><div class=\"rowItem col-md-6 col-sm-12 btTextLeft inherit\"  data-width=\"6\"><div class=\"rowItemContent\" ><header class=\"header btClear extralarge btDash bottomDash\" ><div class=\"btSuperTitle\">FACTORY 4.0<\/div><div class=\"dash\"><h1><span class=\"headline\">Usefull data<\/span><\/h1><\/div><div class=\"btSubTitle\">Join the FACTORY 4.0 Investment Forum to explore Romania&#8217;s opportunities in AI &amp; Machine Learning, Digital Industrialization, Energy for Industry, Quantum Cybersecurity, Robotics &amp; Logistics Automation, and Research &amp; Technology Transfer.<\/div><\/header><div class=\"btClear btSeparator topSmallSpaced noBorder\" ><hr><\/div><\/div><\/div><div class=\"rowItem col-md-3 col-sm-6 col-ms-12 btTextLeft inherit\"  data-width=\"3\"><div class=\"rowItemContent\" ><div class=\"btClear btSeparator topSemiSpaced noBorder\" ><hr><\/div><div class=\"btClear btSeparator topSmallSpaced noBorder\" ><hr><\/div><header class=\"header btClear medium btDash bottomDash\" ><div class=\"btSuperTitle\">Become <\/div><div class=\"dash\"><h3><span class=\"headline\">A partner<\/span><\/h3><\/div><div class=\"btSubTitle\">Join a select group of industry leaders and gain access to valuable networking opportunities, exclusive content, and the ability to showcase your products.<\/div><\/header><div class=\"btClear btSeparator topSmallSpaced noBorder\" ><hr><\/div><a href=\"https:\/\/factory40.ro\/2024\/contact\/\" class=\"btBtn btBtn btnOutlineStyle btnNormalColor btnSmall btnNormalWidth btnRightPosition btnNoIcon\" ><span class=\"btnInnerText\">Become a partner<\/span><\/a><\/div><\/div><div class=\"rowItem col-md-3 col-sm-6 col-ms-12 btTextLeft\"  data-width=\"3\"><div class=\"rowItemContent\" ><div class=\"btClear btSeparator topSemiSpaced noBorder\" ><hr><\/div><div class=\"btClear btSeparator topSmallSpaced noBorder\" ><hr><\/div><header class=\"header btClear medium btDash bottomDash\" ><div class=\"btSuperTitle\">Check the<\/div><div class=\"dash\"><h3><span class=\"headline\">Schedule<\/span><\/h3><\/div><div class=\"btSubTitle\">Discover the Agenda and Speakers at the FACTORY 4.0 Conference for an unforgettable experience and engaging discussions on the future of the industry.<\/div><\/header><div class=\"btClear btSeparator topSmallSpaced noBorder\" ><hr><\/div><a href=\"https:\/\/factory40.ro\/2024\/speakers\/\" class=\"btBtn btBtn btnOutlineStyle btnAccentColor btnSmall btnNormalWidth btnRightPosition btnNoIcon\" ><span class=\"btnInnerText\">Meet the speakers<\/span><\/a><\/div><\/div><\/div><\/div><\/div><\/div><\/div><\/section><\/div>","protected":false},"excerpt":{"rendered":"","protected":false},"author":1,"featured_media":0,"parent":1146,"menu_order":0,"comment_status":"closed","ping_status":"closed","template":"","meta":{"slim_seo":{"title":"R\u0103zvan Encic\u0103 - FACTORY 40","description":"Bucure\u0219ti 1 day \/ 50 Speakers Awesome and great speakers October 17, 2024 Speaker R\u0103zvan Encic\u0103 Starting July 1, 2021, R\u0103zvan Encic\u0103 has taken over the leadersh"},"footnotes":""},"class_list":["post-1418","page","type-page","status-publish","hentry"],"_links":{"self":[{"href":"https:\/\/factory40.ro\/2024\/wp-json\/wp\/v2\/pages\/1418","targetHints":{"allow":["GET"]}}],"collection":[{"href":"https:\/\/factory40.ro\/2024\/wp-json\/wp\/v2\/pages"}],"about":[{"href":"https:\/\/factory40.ro\/2024\/wp-json\/wp\/v2\/types\/page"}],"author":[{"embeddable":true,"href":"https:\/\/factory40.ro\/2024\/wp-json\/wp\/v2\/users\/1"}],"replies":[{"embeddable":true,"href":"https:\/\/factory40.ro\/2024\/wp-json\/wp\/v2\/comments?post=1418"}],"version-history":[{"count":0,"href":"https:\/\/factory40.ro\/2024\/wp-json\/wp\/v2\/pages\/1418\/revisions"}],"up":[{"embeddable":true,"href":"https:\/\/factory40.ro\/2024\/wp-json\/wp\/v2\/pages\/1146"}],"wp:attachment":[{"href":"https:\/\/factory40.ro\/2024\/wp-json\/wp\/v2\/media?parent=1418"}],"curies":[{"name":"wp","href":"https:\/\/api.w.org\/{rel}","templated":true}]}}