{"id":1410,"date":"2024-03-29T07:54:29","date_gmt":"2024-03-29T07:54:29","guid":{"rendered":"https:\/\/factory40.ro\/2024\/?page_id=1410"},"modified":"2024-03-29T07:54:29","modified_gmt":"2024-03-29T07:54:29","slug":"marius-haratau","status":"publish","type":"page","link":"https:\/\/factory40.ro\/2024\/speakers\/marius-haratau\/","title":{"rendered":"Marius H\u0103r\u0103t\u0103u"},"content":{"rendered":"<div class=\"bt_rc_container\"><section id=\"bt_section69e8a8d253788\" data-parallax=\"0.1\" data-parallax-offset=\"0\" class=\"boldSection topExtraSpaced bottomSpaced btDarkSkin gutter btBottomVertical btParallax wBackground cover\" style=\"background-image:url('https:\/\/factory40.ro\/2024\/wp-content\/uploads\/2024\/03\/PHOTO-FACTORY-4.0-9.png');\"><div class=\"port\"><div class=\"boldCell\"><div class=\"boldCellInner\"><div class=\"boldRow \" ><div class=\"boldRowInner\"><div class=\"rowItem col-md-12 col-ms-12  btTextLeft inherit\"  data-width=\"12\"><div class=\"rowItemContent\" ><header class=\"header btClear large btDash bottomDash\" ><div class=\"btSuperTitle\">Bucure\u0219ti<\/div><div class=\"dash\"><h2><span class=\"headline\"><b class=\"animate\">1<\/b> day \/ <b class=\"animate\">50<\/b> Speakers\r<br>Awesome and great speakers<\/span><\/h2><\/div><div class=\"btSubTitle\">October 17, 2024<\/div><\/header><\/div><\/div><\/div><\/div><\/div><\/div><\/div><\/section><section id=\"bt_section69e8a8d253aca\"  class=\"boldSection topSpaced bottomSpaced gutter inherit\" ><div class=\"port\"><div class=\"boldCell\"><div class=\"boldCellInner\"><div class=\"boldRow \" ><div class=\"boldRowInner\"><div class=\"rowItem col-md-2  col-sm-4 col-ms-12 btTextLeft animate animate-fadein inherit\"  data-width=\"2\"><div class=\"rowItemContent\" ><div class=\"bpgPhoto  btCircleImage\" ><div class=\"btImage\"><img decoding=\"async\" src=\"https:\/\/factory40.ro\/2024\/wp-content\/uploads\/2024\/03\/Marius-Haratau-320x320.png\" alt=\"https:\/\/factory40.ro\/2024\/wp-content\/uploads\/2024\/03\/Marius-Haratau-320x320.png\"><\/div><\/div><\/div><\/div><div class=\"rowItem col-md-8 col-ms-12 btTextLeft inherit\"  data-width=\"8\"><div class=\"rowItemContent\" ><header class=\"header btClear extralarge btDash bottomDash\" ><div class=\"btSuperTitle\">Speaker<\/div><div class=\"dash\"><h1><span class=\"headline\">Marius <b class=\"animate\">H\u0103r\u0103t\u0103u<\/b><\/span><\/h1><\/div><div class=\"btSubTitle\">MARIUS H\u0102R\u0102T\u0102U is the founder and CEO of FACTORY 4.0 national initiative, a digital consulting and training company in industrial management and industry 4.0.<\/div><\/header><div class=\"btClear btSeparator topSmallSpaced noBorder\" ><hr><\/div><div class=\"btText\" ><p>MARIUS is a serial entrepreneur and speaker who knows how to use digital transformation in order to grow a business and to ensure business continuity in the new real-time economy.<\/p>\n<p>MARIUS founded F<strong>ACTORY 4.0<\/strong> in 2019, a national initiative supported by the most important technology companies. FACTORY 4.0 national initiative is positioning itself as a catalyst in the Romanian training and consulting market in the field of digital transformation.<\/p>\n<p>MARIUS has over 20 years of experience in multiple fields, covering a large range of competencies in management consultancy in the area of industrial production and IT technologies.<\/p>\n<p>MARIUS is also a certified consultant in the field of information security and privacy management, being Co Chairman IAPP \u2013 International Association of Privacy Professionals Knowledge Net Romania.<\/p>\n<\/div><div class=\"btClear btSeparator topSemiSpaced noBorder\" ><hr><\/div><\/div><\/div><div class=\"rowItem col-md-2  col-sm-4 col-ms-12 btTextLeft animate animate-fadein animate-moveup inherit\"  data-width=\"2\"><div class=\"rowItemContent\" ><div class=\"btClear btSeparator topSpaced noBorder\" ><hr><\/div><div class=\"btClear btSeparator topSpaced noBorder\" ><hr><\/div><header class=\"header btClear small btDash bottomDash\" ><div class=\"btSuperTitle\">Make<\/div><div class=\"dash\"><h4><span class=\"headline\">Connection<\/span><\/h4><\/div><div class=\"btSubTitle\">Follow Marius<\/div><\/header><div class=\"btClear btSeparator topExtraSmallSpaced noBorder\" ><hr><\/div><div class=\"btIconImageRow\" ><span class=\"btIco btIcoFilledType btIcoSmallSize btIcoAccentColor\"><a href=\"https:\/\/ro.linkedin.com\/in\/marius-h%C4%83r%C4%83t%C4%83u-aaba2a30\"  target=\"no_target\" data-ico-fa=\"&#xf0e1;\" class=\"btIcoHolder\"><\/a><\/span><\/div><div class=\"btClear btSeparator topSemiSpaced noBorder\" ><hr><\/div><header class=\"header btClear small btDash bottomDash\" ><div class=\"btSuperTitle\">Meet<\/div><div class=\"dash\"><h4><span class=\"headline\">Partner<\/span><\/h4><\/div><\/header><div class=\"btClear btSeparator topExtraSmallSpaced noBorder\" ><hr><\/div><div class=\"bpgPhoto \" ><div class=\"btImage\"><img decoding=\"async\" src=\"https:\/\/factory40.ro\/2024\/wp-content\/uploads\/2024\/03\/Parteneri-F40.png\" alt=\"https:\/\/factory40.ro\/2024\/wp-content\/uploads\/2024\/03\/Parteneri-F40.png\"><\/div><\/div><div class=\"bpgPhoto \" ><div class=\"btImage\"><img decoding=\"async\" src=\"https:\/\/factory40.ro\/2024\/wp-content\/uploads\/2024\/03\/FACTORY-4.0-Partener-FACTORY-4.0-Confference.png\" alt=\"https:\/\/factory40.ro\/2024\/wp-content\/uploads\/2024\/03\/FACTORY-4.0-Partener-FACTORY-4.0-Confference.png\"><\/div><\/div><div class=\"btClear btSeparator topExtraSmallSpaced noBorder\" ><hr><\/div><\/div><\/div><\/div><\/div><\/div><\/div><\/div><\/section><section id=\"bt_section69e8a8d254b3a\" data-parallax=\"0.1\" data-parallax-offset=\"0\" class=\"boldSection topSpaced bottomSpaced btDarkSkin gutter inherit btParallax\" style=\"background-color:#022044;\"><div class=\"port\"><div class=\"boldCell\"><div class=\"boldCellInner\"><div class=\"boldRow \" ><div class=\"boldRowInner\"><div class=\"rowItem col-md-6 col-sm-12 btTextLeft inherit\"  data-width=\"6\"><div class=\"rowItemContent\" ><header class=\"header btClear extralarge btDash bottomDash\" ><div class=\"btSuperTitle\">FACTORY 4.0<\/div><div class=\"dash\"><h1><span class=\"headline\">Usefull data<\/span><\/h1><\/div><div class=\"btSubTitle\">Join the FACTORY 4.0 Investment Forum to explore Romania&#8217;s opportunities in AI &amp; Machine Learning, Digital Industrialization, Energy for Industry, Quantum Cybersecurity, Robotics &amp; Logistics Automation, and Research &amp; Technology Transfer.<\/div><\/header><div class=\"btClear btSeparator topSmallSpaced noBorder\" ><hr><\/div><\/div><\/div><div class=\"rowItem col-md-3 col-sm-6 col-ms-12 btTextLeft inherit\"  data-width=\"3\"><div class=\"rowItemContent\" ><div class=\"btClear btSeparator topSemiSpaced noBorder\" ><hr><\/div><div class=\"btClear btSeparator topSmallSpaced noBorder\" ><hr><\/div><header class=\"header btClear medium btDash bottomDash\" ><div class=\"btSuperTitle\">Become <\/div><div class=\"dash\"><h3><span class=\"headline\">A partner<\/span><\/h3><\/div><div class=\"btSubTitle\">Join a select group of industry leaders and gain access to valuable networking opportunities, exclusive content, and the ability to showcase your products.<\/div><\/header><div class=\"btClear btSeparator topSmallSpaced noBorder\" ><hr><\/div><a href=\"https:\/\/factory40.ro\/2024\/contact\/\" class=\"btBtn btBtn btnOutlineStyle btnNormalColor btnSmall btnNormalWidth btnRightPosition btnNoIcon\" ><span class=\"btnInnerText\">Become a partner<\/span><\/a><\/div><\/div><div class=\"rowItem col-md-3 col-sm-6 col-ms-12 btTextLeft\"  data-width=\"3\"><div class=\"rowItemContent\" ><div class=\"btClear btSeparator topSemiSpaced noBorder\" ><hr><\/div><div class=\"btClear btSeparator topSmallSpaced noBorder\" ><hr><\/div><header class=\"header btClear medium btDash bottomDash\" ><div class=\"btSuperTitle\">Check the<\/div><div class=\"dash\"><h3><span class=\"headline\">Schedule<\/span><\/h3><\/div><div class=\"btSubTitle\">Discover the Agenda and Speakers at the FACTORY 4.0 Conference for an unforgettable experience and engaging discussions on the future of the industry.<\/div><\/header><div class=\"btClear btSeparator topSmallSpaced noBorder\" ><hr><\/div><a href=\"https:\/\/factory40.ro\/2024\/speakers\/\" class=\"btBtn btBtn btnOutlineStyle btnAccentColor btnSmall btnNormalWidth btnRightPosition btnNoIcon\" ><span class=\"btnInnerText\">Meet the speakers<\/span><\/a><\/div><\/div><\/div><\/div><\/div><\/div><\/div><\/section><\/div>","protected":false},"excerpt":{"rendered":"","protected":false},"author":1,"featured_media":0,"parent":1146,"menu_order":0,"comment_status":"closed","ping_status":"closed","template":"","meta":{"slim_seo":{"title":"Marius H\u0103r\u0103t\u0103u - FACTORY 40","description":"Bucure\u0219ti 1 day \/ 50 Speakers Awesome and great speakers October 17, 2024 Speaker Marius H\u0103r\u0103t\u0103u MARIUS H\u0102R\u0102T\u0102U is the founder and CEO of FACTORY 4.0 national i"},"footnotes":""},"class_list":["post-1410","page","type-page","status-publish","hentry"],"_links":{"self":[{"href":"https:\/\/factory40.ro\/2024\/wp-json\/wp\/v2\/pages\/1410","targetHints":{"allow":["GET"]}}],"collection":[{"href":"https:\/\/factory40.ro\/2024\/wp-json\/wp\/v2\/pages"}],"about":[{"href":"https:\/\/factory40.ro\/2024\/wp-json\/wp\/v2\/types\/page"}],"author":[{"embeddable":true,"href":"https:\/\/factory40.ro\/2024\/wp-json\/wp\/v2\/users\/1"}],"replies":[{"embeddable":true,"href":"https:\/\/factory40.ro\/2024\/wp-json\/wp\/v2\/comments?post=1410"}],"version-history":[{"count":0,"href":"https:\/\/factory40.ro\/2024\/wp-json\/wp\/v2\/pages\/1410\/revisions"}],"up":[{"embeddable":true,"href":"https:\/\/factory40.ro\/2024\/wp-json\/wp\/v2\/pages\/1146"}],"wp:attachment":[{"href":"https:\/\/factory40.ro\/2024\/wp-json\/wp\/v2\/media?parent=1410"}],"curies":[{"name":"wp","href":"https:\/\/api.w.org\/{rel}","templated":true}]}}