{"id":3002,"date":"2022-07-26T07:05:29","date_gmt":"2022-07-26T07:05:29","guid":{"rendered":"https:\/\/factory40.ro\/2023\/?page_id=3002"},"modified":"2023-08-22T06:38:36","modified_gmt":"2023-08-22T06:38:36","slug":"refund","status":"publish","type":"page","link":"https:\/\/factory40.ro\/2023\/refund\/","title":{"rendered":"POLITIC\u0102 DE LIVRARE \u0218I RETUR"},"content":{"rendered":"\t\t<div data-elementor-type=\"wp-page\" data-elementor-id=\"3002\" class=\"elementor elementor-3002\" data-elementor-post-type=\"page\">\n\t\t\t\t\t\t<section class=\"elementor-section elementor-top-section elementor-element elementor-element-7dc88ee6 elementor-section-boxed elementor-section-height-default elementor-section-height-default\" data-id=\"7dc88ee6\" data-element_type=\"section\">\n\t\t\t\t\t\t<div class=\"elementor-container elementor-column-gap-default\">\n\t\t\t\t\t<div class=\"elementor-column elementor-col-100 elementor-top-column elementor-element elementor-element-58896fd8\" data-id=\"58896fd8\" data-element_type=\"column\">\n\t\t\t<div class=\"elementor-widget-wrap elementor-element-populated\">\n\t\t\t\t\t\t<div class=\"elementor-element elementor-element-5ab7ac7 elementor-widget elementor-widget-exhibz-title\" data-id=\"5ab7ac7\" data-element_type=\"widget\" data-settings=\"{&quot;ekit_we_effect_on&quot;:&quot;none&quot;}\" data-widget_type=\"exhibz-title.default\">\n\t\t\t\t<div class=\"elementor-widget-container\">\n\t\t\t\t\t\n    <div class=\"title-section-area\">\n        <h2 class=\"section-title\">\n            <span class=\"sub-title\"><\/span>\n\t\t\tPOLITIC\u0102 DE LIVRARE \u0218I RETUR        <\/h2>\n\t\t\t\t\t<div class=\"title-desc\"><div class=\"elementor-element elementor-element-ba68740 elementor-widget elementor-widget-text-editor\"><div class=\"elementor-widget-container\"><div class=\"elementor-text-editor elementor-clearfix\"><div class=\"elementor-tab-content elementor-clearfix elementor-active\"><p>Toate v\u00e2nz\u0103rile de bilete sunt supuse\u00a0Politicii de confiden\u021bialitate\u00a0\u0219i T&amp;C.<\/p><p>\u00cen momentul \u00een care nu sunte\u021bi de acord cu datele prev\u0103zute \u00een Politica de Confiden\u021bialitate \u0219i T&amp;C, v\u0103 rug\u0103m s\u0103 \u00eenceta\u021bi folosirea serviciilor oferite prin aceast\u0103 pagin\u0103 web.<\/p><p>\u00cen momentul achizi\u021biei unui bilet sau a \u00eenregistr\u0103rii pentru un eveniment organizat de Infosec Center SRL v\u0103 oferi\u021bi \u00een mod expres consim\u021b\u0103m\u00e2ntul de fi de acord cu toate prevederile din Politica de confiden\u021bialitate \u0219i T&amp;C.<\/p><p>Infosec Center SRL \u00ee\u0219i rezerv\u0103 dreptul de a schimba Politica de Confiden\u021bialitate \u0219i T&amp;C, incluz\u00e2nd dar nu numai pre\u021bul biletelor f\u0103r\u0103 a oferi o notificare prealabil\u0103. Fiecare modificare va fi postat\u0103 pe acest site, motiv pentru care v\u0103 sf\u0103tuim s\u0103 verifica\u021bi pagina noastr\u0103 web ocazional \u0219i \u00een special \u00eenainte de a achizi\u021biona un bilet.<\/p><p><strong>Termen de Livrare:<\/strong><br \/>\u00cen cadrul Conferin\u021bei FACTORY 4.0, ne dorim s\u0103 v\u0103 asigur\u0103m o experien\u021b\u0103 transparent\u0103 \u0219i eficient\u0103 \u00een ceea ce prive\u0219te livrarea biletelor achizi\u021bionate pentru conferin\u021ba noastr\u0103. Termenul estimativ de livrare a biletelor este de obicei \u00een termen de 2-3 ore de la confirmarea pl\u0103\u021bii.<\/p><p><strong>Modalitate de Livrare:<\/strong><br \/>Biletele achizi\u021bionate pentru Conferin\u021ba FACTORY 4.0 sunt livrate \u00een format electronic prin intermediul adresei de e-mail pe care a\u021bi furnizat-o \u00een timpul procesului de achizi\u021bie. Astfel, ve\u021bi primi biletul \u00een format electronic, ceea ce v\u0103 permite s\u0103 \u00eel ave\u021bi la \u00eendem\u00e2n\u0103 \u0219i s\u0103 \u00eel accesa\u021bi u\u0219or de pe dispozitivele dvs.<\/p><\/div><\/div><\/div><\/div><div class=\"elementor-element elementor-element-c6792cd elementor-widget elementor-widget-text-editor\"><div class=\"elementor-widget-container\"><div class=\"elementor-text-editor elementor-clearfix\"><p><strong>Biletul achizi\u0163ionat poate fi returnat sau schimbat numai dac\u0103 organizatorul evenimentului accept\u0103 \u015fi numai cu respectarea condi\u0163iilor de la pct. A de mai jos, cu excep\u0163ia cazului \u00een care evenimentul respectiv este anulat (nu mai are loc), caz \u00een care returnarea biletului \u015fi rambursarea sumelor achitate va fi efectuat\u0103 potrivit lit. B de mai jos. Sub nicio forma nu se mai iau in considerare cererile de rambursare primite dupa data si ora de incepere a evenimentului.<\/strong><\/p><p>A. Returnarea biletului poate fi efectuat\u0103 \u00een termenele \u015fi cu respectarea condi\u0163iilor de mai jos, prin transmiterea unei solicit\u0103ri \u00een acest sens c\u0103tre contact@factory40.ro:<\/p><ol><li>dac\u0103 solicitarea de returnare este formulat\u0103 cu cel pu\u0163in 14 de zile \u00eenainte de data de desf\u0103\u015furare a evenimentului, cump\u0103r\u0103torul de bilet prime\u015fte ca urmare a anul\u0103rii biletului fie 90% din sum\u0103 pl\u0103tit\u0103 cu titlu de pre\u0163 al biletului (f\u0103r\u0103 alte taxe, tarife, costuri, cheltuieli suportate de cump\u0103r\u0103tor cu ocazia cump\u0103r\u0103rii acestuia, inclusiv, dar f\u0103r\u0103 a se limita la tarif curier, tax\u0103 de rezervare, dac\u0103 e cazul etc) fie un voucher pentru \u00eentreaga sum\u0103 pl\u0103tit\u0103 cu titlu de pre\u0163 al biletului (f\u0103r\u0103 alte taxe, tarife, costuri, cheltuieli suportate de cump\u0103r\u0103tor cu ocazia cump\u0103r\u0103rii acestuia, inclusiv, dar f\u0103r\u0103 a se limita la tarif curier, tax\u0103 de rezervare, dac\u0103 e cazul etc). Voucherul poate fi utilizat pentru cump\u0103rarea de bilete\/cursuri prin intermediul site-ului <a href=\"http:\/\/factory40.ro\">factory40.ro<\/a>.<\/li><li>dac\u0103 solicitarea de returnare este formulat\u0103 cu cel pu\u0163in 7 zile \u00eenainte de data de desf\u0103\u015furare a evenimentului, cump\u0103r\u0103torul de bilet prime\u015fte ca urmare a anul\u0103rii biletului,\u00a0 un voucher pentru 50% din suma pl\u0103tit\u0103. Voucherul poate fi utilizat pentru cump\u0103rarea de bilete\/cursuri prin intermediul site-ului\u00a0factory40.ro.<\/li><li>dac\u0103 solicitarea de returnare este formulat\u0103 \u00eentr-un interval mai scurt de 7 zile \u00eenainte de data de desf\u0103\u015furare a evenimentului, cump\u0103r\u0103torul de bilet prime\u015fte ca urmare a anul\u0103rii biletului,\u00a0 un voucher pentru 25% din sum\u0103 pl\u0103tit\u0103 cu titlu de pre\u0163 al biletului (f\u0103r\u0103 alte taxe, tarife, costuri, cheltuieli suportate de cump\u0103r\u0103tor cu ocazia cump\u0103r\u0103rii acestuia, inclusiv, dar f\u0103r\u0103 a se limita la tarif curier, tax\u0103 de rezervare, dac\u0103 e cazul etc). Voucherul poate fi utilizat pentru cump\u0103rarea de bilete\/cursuri la alte evenimente prin intermediul site-ului\u00a0<a href=\"https:\/\/factory40.ro\/\">factory40.ro<\/a><\/li><\/ol><p>\u00cen toate cazurile de mai sus, pre\u021bul serviciilor de intermediere nu se returneaz\u0103.<\/p><p>\u00cen func\u0163ie de momentul formul\u0103rii solicit\u0103rii, cump\u0103r\u0103torul se va afla \u00eentr-una din situa\u0163iile men\u0163ionate la pct. 1-3 de mai sus, f\u0103r\u0103 a le putea combina sau cumula. Cu alte cuvinte, dac\u0103, solicitarea este formulat\u0103 cu 14 zile \u00eenainte de data de desf\u0103\u015furare a evenimentului, opereaz\u0103 exclusiv pct. 2 de mai sus (f\u0103r\u0103 a dob\u00e2ndi cumulativ \u015fi drepturile men\u0163ionate la pct. 3 de mai sus).<\/p><ol><li>\u00cen eventualitatea anul\u0103rii evenimentului din partea oranizatorului, cump\u0103r\u0103torii biletelor au dreptul de a alege una din variantele de mai jos:<\/li><li>S\u0103 p\u0103streze biletul pentru o dat\u0103 ulterioar\u0103 la care va avea loc evenimentul. Pentru aceast\u0103 op\u0163iune cump\u0103r\u0103torul nu are nicio obliga\u0163ie de \u00eendeplinit.<\/li><li>S\u0103 solicite rambursarea integrala a valorii biletului printr-un email la\u00a0<a href=\"mailto:contact@factory40.ro\">contact@factory40.ro<\/a>.<\/li><li>S\u0103 primeasc\u0103 un voucher cu valoarea integral\u0103 a biletului pl\u0103tit pe care \u00eel pot folosi pentru cump\u0103rarea unui alt bilet sau curs de pe site-ul\u00a0nou.factory40.ro. Pentru aceast\u0103 op\u0163iune, cump\u0103r\u0103torii biletelor trebuie s\u0103 trimit\u0103 solicitare pe email la\u00a0<a href=\"mailto:contact@factory40.ro\">contact@factory40.ro<\/a>.<\/li><\/ol><p><strong>Sub nicio forma biletele nu se mai pot returna dupa ce evenimentul a avut loc.<\/strong><\/p><\/div><\/div><\/div><\/div>\n\t\t                    <\/div><!-- Section title -->\n    \n    \n\n    \t\t\t\t<\/div>\n\t\t\t\t<\/div>\n\t\t\t\t\t<\/div>\n\t\t<\/div>\n\t\t\t\t\t<\/div>\n\t\t<\/section>\n\t\t\t\t<\/div>\n\t\t","protected":false},"excerpt":{"rendered":"<p>POLITIC\u0102 DE LIVRARE \u0218I RETUR Toate v\u00e2nz\u0103rile de bilete sunt supuse\u00a0Politicii de confiden\u021bialitate\u00a0\u0219i T&amp;C. \u00cen momentul \u00een care nu sunte\u021bi de acord cu datele prev\u0103zute \u00een Politica de Confiden\u021bialitate \u0219i T&amp;C, v\u0103 rug\u0103m s\u0103 \u00eenceta\u021bi folosirea serviciilor oferite prin aceast\u0103 pagin\u0103 web. \u00cen momentul achizi\u021biei unui bilet sau a \u00eenregistr\u0103rii pentru un eveniment organizat de [&hellip;]<\/p>\n","protected":false},"author":3,"featured_media":0,"parent":0,"menu_order":0,"comment_status":"closed","ping_status":"closed","template":"","meta":{"footnotes":""},"class_list":["post-3002","page","type-page","status-publish","hentry"],"_links":{"self":[{"href":"https:\/\/factory40.ro\/2023\/wp-json\/wp\/v2\/pages\/3002","targetHints":{"allow":["GET"]}}],"collection":[{"href":"https:\/\/factory40.ro\/2023\/wp-json\/wp\/v2\/pages"}],"about":[{"href":"https:\/\/factory40.ro\/2023\/wp-json\/wp\/v2\/types\/page"}],"author":[{"embeddable":true,"href":"https:\/\/factory40.ro\/2023\/wp-json\/wp\/v2\/users\/3"}],"replies":[{"embeddable":true,"href":"https:\/\/factory40.ro\/2023\/wp-json\/wp\/v2\/comments?post=3002"}],"version-history":[{"count":3,"href":"https:\/\/factory40.ro\/2023\/wp-json\/wp\/v2\/pages\/3002\/revisions"}],"predecessor-version":[{"id":7101,"href":"https:\/\/factory40.ro\/2023\/wp-json\/wp\/v2\/pages\/3002\/revisions\/7101"}],"wp:attachment":[{"href":"https:\/\/factory40.ro\/2023\/wp-json\/wp\/v2\/media?parent=3002"}],"curies":[{"name":"wp","href":"https:\/\/api.w.org\/{rel}","templated":true}]}}