{"id":5865,"date":"2022-11-14T09:22:04","date_gmt":"2022-11-14T09:22:04","guid":{"rendered":"https:\/\/factory40.ro\/2022\/?page_id=5865"},"modified":"2022-11-14T09:28:11","modified_gmt":"2022-11-14T09:28:11","slug":"phoenix-contact","status":"publish","type":"page","link":"https:\/\/factory40.ro\/2022\/partners\/phoenix-contact\/","title":{"rendered":"Phoenix Contact"},"content":{"rendered":"\t\t<div data-elementor-type=\"wp-page\" data-elementor-id=\"5865\" class=\"elementor elementor-5865\" data-elementor-post-type=\"page\">\n\t\t\t\t\t\t<section class=\"elementor-section elementor-top-section elementor-element elementor-element-be7e1f0 elementor-section-boxed elementor-section-height-default elementor-section-height-default\" data-id=\"be7e1f0\" data-element_type=\"section\">\n\t\t\t\t\t\t<div class=\"elementor-container elementor-column-gap-default\">\n\t\t\t\t\t<div class=\"elementor-column elementor-col-100 elementor-top-column elementor-element elementor-element-0ac1e7a\" data-id=\"0ac1e7a\" data-element_type=\"column\">\n\t\t\t<div class=\"elementor-widget-wrap elementor-element-populated\">\n\t\t\t\t\t\t<div class=\"elementor-element elementor-element-e966db7 elementor-widget elementor-widget-exhibz-title\" data-id=\"e966db7\" data-element_type=\"widget\" data-settings=\"{&quot;ekit_we_effect_on&quot;:&quot;none&quot;}\" data-widget_type=\"exhibz-title.default\">\n\t\t\t\t<div class=\"elementor-widget-container\">\n\t\t\t\t\t\n    <div class=\"title-section-area\">\n        <h2 class=\"section-title\">\n            <span class=\"sub-title\">WHO HELP US<\/span>\n\t\t\tOur Partners        <\/h2>\n\t\t                    <\/div><!-- Section title -->\n    \n    \n\n    \t\t\t\t<\/div>\n\t\t\t\t<\/div>\n\t\t\t\t\t<\/div>\n\t\t<\/div>\n\t\t\t\t\t<\/div>\n\t\t<\/section>\n\t\t\t\t<section class=\"elementor-section elementor-top-section elementor-element elementor-element-7b9883e elementor-section-boxed elementor-section-height-default elementor-section-height-default\" data-id=\"7b9883e\" data-element_type=\"section\">\n\t\t\t\t\t\t<div class=\"elementor-container elementor-column-gap-default\">\n\t\t\t\t\t<div class=\"elementor-column elementor-col-33 elementor-top-column elementor-element elementor-element-936ff8d\" data-id=\"936ff8d\" data-element_type=\"column\">\n\t\t\t<div class=\"elementor-widget-wrap elementor-element-populated\">\n\t\t\t\t\t\t<div class=\"elementor-element elementor-element-3a3ed08 elementor-widget elementor-widget-image\" data-id=\"3a3ed08\" data-element_type=\"widget\" data-settings=\"{&quot;ekit_we_effect_on&quot;:&quot;none&quot;}\" data-widget_type=\"image.default\">\n\t\t\t\t<div class=\"elementor-widget-container\">\n\t\t\t\t\t\t\t\t\t\t\t\t\t\t\t\t<a href=\"https:\/\/www.phoenixcontact.com\/ro-ro\/\">\n\t\t\t\t\t\t\t<img decoding=\"async\" src=\"https:\/\/factory40.ro\/2022\/wp-content\/uploads\/elementor\/thumbs\/Phoenix-Contact-Logo-Confference-FACTORY-40-01-01-prqxrd3z9lu5psn4g1496fcrpnql99h12d97aa9am8.png\" title=\"Phoenix Contact Logo Confference FACTORY 40-01-01\" alt=\"Phoenix Contact Logo Confference FACTORY 40-01-01\" loading=\"lazy\" \/>\t\t\t\t\t\t\t\t<\/a>\n\t\t\t\t\t\t\t\t\t\t\t\t\t\t\t<\/div>\n\t\t\t\t<\/div>\n\t\t\t\t<div class=\"elementor-element elementor-element-b85f7c1 elementor-widget elementor-widget-exhibz-speaker\" data-id=\"b85f7c1\" data-element_type=\"widget\" data-settings=\"{&quot;ekit_we_effect_on&quot;:&quot;none&quot;}\" data-widget_type=\"exhibz-speaker.default\">\n\t\t\t\t<div class=\"elementor-widget-container\">\n\t\t\t\t\t                        <div class=\"ts-speaker\" style=\"--speaker-color: #25cd44\">\n                <div class=\"speaker-img\">\n                                            <img fetchpriority=\"high\" decoding=\"async\" width=\"3895\" height=\"2362\" src=\"https:\/\/factory40.ro\/2022\/wp-content\/uploads\/2018\/12\/00045130_STANDARD_PICTURE_17_SRGB-e1662377529235.png\" class=\"img-fluid\" alt=\"\" \/>                                        <a href=\"#popup_b85f7c1240\"\n                       class=\"view-speaker ts-image-popup\" data-effect=\"mfp-zoom-in\">\n                        <i class=\"icon icon-plus\"><\/i>\n                    <\/a>\n                <\/div>\n                <div class=\"ts-speaker-info\">\n                    <h3 class=\"ts-title\"><a\n                                href=\"https:\/\/factory40.ro\/2022\/speaker\/markus-kick\/\"> Markus Kick <\/a>\n                    <\/h3>\n                    <p>\n                        Phoenix Contact                    <\/p>                    \n                <\/div>\n                <!--- speaker info end -->\n                <!-- popup start-->\n                <div id=\"popup_b85f7c1240\"\n                     class=\"container ts-speaker-popup mfp-hide\">\n                    <div class=\"row\">\n                        <div class=\"col-lg-6\">\n                            <div class=\"ts-speaker-popup-img\">\n                                                                    <img decoding=\"async\" width=\"3895\" height=\"2362\" src=\"https:\/\/factory40.ro\/2022\/wp-content\/uploads\/2018\/12\/00045130_STANDARD_PICTURE_17_SRGB-e1662377529235.png\" class=\"attachment-full size-full\" alt=\"\" \/>                                                            <\/div>\n                        <\/div>\n                        <!-- col end-->\n                        <div class=\"col-lg-6\">\n                            <div class=\"ts-speaker-popup-content\">\n                                <h3 class=\"ts-title\"><a\n                                            href=\"https:\/\/factory40.ro\/2022\/speaker\/markus-kick\/\"> Markus Kick <\/a>\n                                <\/h3>\n                                <span class=\"speakder-designation\"> Phoenix Contact<\/span>\n                                \n                                    <img decoding=\"async\" width=\"147\" height=\"43\" src=\"https:\/\/factory40.ro\/2022\/wp-content\/uploads\/2022\/07\/Phoenix-Contact-Logo-Confference-FACTORY-40-01-01.png\" class=\"company-logo\" alt=\"\" \/>                                                                <p>\n                                                                    <\/p>\n                                <div class=\"ts-speakers-social\">\n                                                                                                                        <a href=\"https:\/\/www.linkedin.com\/in\/markus-kick-9999941a4\/\" target=\"_blank\" rel=\"noreferrer\">\n                                               <i class=\"icon icon-linkedin\"><\/i>                                               \n                                            <\/a>\n                                                                                                            <\/div>\n                            <\/div>\n                            <!-- ts-speaker-popup-content end-->\n                        <\/div>\n                        <!-- col end-->\n                    <\/div>\n                    <!-- row end-->\n                <\/div>\n                <!-- popup end-->\n            <\/div>\n            <!-- ts-speaker end  -->\n        \n\n            \n            \n            \n\n        \t\t\t\t<\/div>\n\t\t\t\t<\/div>\n\t\t\t\t<div class=\"elementor-element elementor-element-ce7bc84 elementor-widget elementor-widget-text-editor\" data-id=\"ce7bc84\" data-element_type=\"widget\" data-settings=\"{&quot;ekit_we_effect_on&quot;:&quot;none&quot;}\" data-widget_type=\"text-editor.default\">\n\t\t\t\t<div class=\"elementor-widget-container\">\n\t\t\t\t\t\t\t\t\t<p><a href=\"https:\/\/www.phoenixcontact.com\/ro-ro\/\">Website: https:\/\/www.phoenixcontact.com\/ro-ro\/<\/a><\/p>\t\t\t\t\t\t\t\t<\/div>\n\t\t\t\t<\/div>\n\t\t\t\t\t<\/div>\n\t\t<\/div>\n\t\t\t\t<div class=\"elementor-column elementor-col-66 elementor-top-column elementor-element elementor-element-64c7672\" data-id=\"64c7672\" data-element_type=\"column\">\n\t\t\t<div class=\"elementor-widget-wrap elementor-element-populated\">\n\t\t\t\t\t\t<div class=\"elementor-element elementor-element-9f332cb elementor-widget elementor-widget-text-editor\" data-id=\"9f332cb\" data-element_type=\"widget\" data-settings=\"{&quot;ekit_we_effect_on&quot;:&quot;none&quot;}\" data-widget_type=\"text-editor.default\">\n\t\t\t\t<div class=\"elementor-widget-container\">\n\t\t\t\t\t\t\t\t\t<p>Phoenix Contact are o prezent\u0103 \u00een Rom\u00e2nia din 2005 ca o filial\u0103 integral detinut\u0103 de produc\u0103torul global de tehnologie cu acela\u0219i nume.<\/p><p>Cu sediu central \u00een Bucure\u0219ti \u0219i reprezenan\u021bi de v\u00e2nz\u0103ri \u00een toate regiunile de dezvoltare ale \u021b\u0103rii, Phoenix Contact Rom\u00e2nia s-a dezvoltat rapid ca un partener puternic pentru solu\u021bii inovative \u00een domeniul tehnologiei de conectare, al electronicii \u0219i al automatiz\u0103rii.<\/p><h2 class=\"h2\">Despre Phoenix Contact<\/h2><p>Suntem o \u00eentreprindere de familie cu sediul central \u00een Germania. Grupul de \u00eentreprinderi include cincisprezece \u00eentreprinderi germane \u0219i patru \u00eentreprinderi interna\u021bionale, precum \u0219i 55 de companii de distribu\u021bie din toat\u0103 lumea. La nivel interna\u021bional suntem prezen\u021bi \u00een peste 100 de \u021b\u0103ri.<\/p><ul class=\"ex-md-list-ul\"><li class=\"ex-md-list-li\"><strong>Sediul firmei:<\/strong>\u00a032825 Blomberg<\/li><li class=\"ex-md-list-li\"><strong>Anul \u00eenfiin\u021b\u0103rii:<\/strong>\u00a01923 \u00een Essen, Renania de Nord-Westfalia<\/li><li class=\"ex-md-list-li\"><strong>Angaja\u021bi \u00een toat\u0103 lumea:<\/strong>\u00a020.300<\/li><li class=\"ex-md-list-li\"><strong>Cifra de afaceri \u00een 2021:<\/strong>\u00a02,97 miliarde de euro<\/li><li class=\"ex-md-list-li\"><strong>\u00centreprinderi interna\u021bionale:<\/strong>\u00a019<\/li><li class=\"ex-md-list-li\"><strong>Unit\u0103\u021bi de produc\u021bie:<\/strong>\u00a011<\/li><li class=\"ex-md-list-li\"><strong>Unit\u0103\u021bi de distribu\u021bie:<\/strong>\u00a055<\/li><\/ul>\t\t\t\t\t\t\t\t<\/div>\n\t\t\t\t<\/div>\n\t\t\t\t\t<\/div>\n\t\t<\/div>\n\t\t\t\t\t<\/div>\n\t\t<\/section>\n\t\t\t\t<\/div>\n\t\t","protected":false},"excerpt":{"rendered":"<p>WHO HELP US Our Partners Markus Kick Phoenix Contact Markus Kick Phoenix Contact Website: https:\/\/www.phoenixcontact.com\/ro-ro\/ Phoenix Contact are o prezent\u0103 \u00een Rom\u00e2nia din 2005 ca o filial\u0103 integral detinut\u0103 de produc\u0103torul global de tehnologie cu acela\u0219i nume. Cu sediu central \u00een Bucure\u0219ti \u0219i reprezenan\u021bi de v\u00e2nz\u0103ri \u00een toate regiunile de dezvoltare ale \u021b\u0103rii, Phoenix Contact [&hellip;]<\/p>\n","protected":false},"author":3,"featured_media":0,"parent":1147,"menu_order":0,"comment_status":"closed","ping_status":"closed","template":"","meta":{"footnotes":""},"yoast_head":"<!-- This site is optimized with the Yoast SEO plugin v23.5 - https:\/\/yoast.com\/wordpress\/plugins\/seo\/ -->\n<title>Phoenix Contact - FACTORY 4.0<\/title>\n<meta name=\"robots\" content=\"index, follow, max-snippet:-1, max-image-preview:large, max-video-preview:-1\" \/>\n<link rel=\"canonical\" href=\"https:\/\/factory40.ro\/2022\/partners\/phoenix-contact\/\" \/>\n<meta property=\"og:locale\" content=\"en_US\" \/>\n<meta property=\"og:type\" content=\"article\" \/>\n<meta property=\"og:title\" content=\"Phoenix Contact - FACTORY 4.0\" \/>\n<meta property=\"og:description\" content=\"WHO HELP US Our Partners Markus Kick Phoenix Contact Markus Kick Phoenix Contact Website: https:\/\/www.phoenixcontact.com\/ro-ro\/ Phoenix Contact are o prezent\u0103 \u00een Rom\u00e2nia din 2005 ca o filial\u0103 integral detinut\u0103 de produc\u0103torul global de tehnologie cu acela\u0219i nume. Cu sediu central \u00een Bucure\u0219ti \u0219i reprezenan\u021bi de v\u00e2nz\u0103ri \u00een toate regiunile de dezvoltare ale \u021b\u0103rii, Phoenix Contact [&hellip;]\" \/>\n<meta property=\"og:url\" content=\"https:\/\/factory40.ro\/2022\/partners\/phoenix-contact\/\" \/>\n<meta property=\"og:site_name\" content=\"FACTORY 4.0\" \/>\n<meta property=\"article:modified_time\" content=\"2022-11-14T09:28:11+00:00\" \/>\n<meta property=\"og:image\" content=\"https:\/\/factory40.ro\/2022\/wp-content\/uploads\/2022\/07\/Phoenix-Contact-Logo-Confference-FACTORY-40-01-01.png\" \/>\n<meta name=\"twitter:card\" content=\"summary_large_image\" \/>\n<meta name=\"twitter:label1\" content=\"Est. reading time\" \/>\n\t<meta name=\"twitter:data1\" content=\"2 minutes\" \/>\n<script type=\"application\/ld+json\" class=\"yoast-schema-graph\">{\"@context\":\"https:\/\/schema.org\",\"@graph\":[{\"@type\":\"WebPage\",\"@id\":\"https:\/\/factory40.ro\/2022\/partners\/phoenix-contact\/\",\"url\":\"https:\/\/factory40.ro\/2022\/partners\/phoenix-contact\/\",\"name\":\"Phoenix Contact - FACTORY 4.0\",\"isPartOf\":{\"@id\":\"https:\/\/factory40.ro\/2022\/#website\"},\"primaryImageOfPage\":{\"@id\":\"https:\/\/factory40.ro\/2022\/partners\/phoenix-contact\/#primaryimage\"},\"image\":{\"@id\":\"https:\/\/factory40.ro\/2022\/partners\/phoenix-contact\/#primaryimage\"},\"thumbnailUrl\":\"https:\/\/factory40.ro\/2022\/wp-content\/uploads\/2022\/07\/Phoenix-Contact-Logo-Confference-FACTORY-40-01-01.png\",\"datePublished\":\"2022-11-14T09:22:04+00:00\",\"dateModified\":\"2022-11-14T09:28:11+00:00\",\"breadcrumb\":{\"@id\":\"https:\/\/factory40.ro\/2022\/partners\/phoenix-contact\/#breadcrumb\"},\"inLanguage\":\"en-US\",\"potentialAction\":[{\"@type\":\"ReadAction\",\"target\":[\"https:\/\/factory40.ro\/2022\/partners\/phoenix-contact\/\"]}]},{\"@type\":\"ImageObject\",\"inLanguage\":\"en-US\",\"@id\":\"https:\/\/factory40.ro\/2022\/partners\/phoenix-contact\/#primaryimage\",\"url\":\"https:\/\/factory40.ro\/2022\/wp-content\/uploads\/2022\/07\/Phoenix-Contact-Logo-Confference-FACTORY-40-01-01.png\",\"contentUrl\":\"https:\/\/factory40.ro\/2022\/wp-content\/uploads\/2022\/07\/Phoenix-Contact-Logo-Confference-FACTORY-40-01-01.png\",\"width\":147,\"height\":43},{\"@type\":\"BreadcrumbList\",\"@id\":\"https:\/\/factory40.ro\/2022\/partners\/phoenix-contact\/#breadcrumb\",\"itemListElement\":[{\"@type\":\"ListItem\",\"position\":1,\"name\":\"Home\",\"item\":\"https:\/\/factory40.ro\/2022\/\"},{\"@type\":\"ListItem\",\"position\":2,\"name\":\"Partners\",\"item\":\"https:\/\/factory40.ro\/2022\/partners\/\"},{\"@type\":\"ListItem\",\"position\":3,\"name\":\"Phoenix Contact\"}]},{\"@type\":\"WebSite\",\"@id\":\"https:\/\/factory40.ro\/2022\/#website\",\"url\":\"https:\/\/factory40.ro\/2022\/\",\"name\":\"FACTORY 4.0\",\"description\":\"CONFERENCE 2022\",\"potentialAction\":[{\"@type\":\"SearchAction\",\"target\":{\"@type\":\"EntryPoint\",\"urlTemplate\":\"https:\/\/factory40.ro\/2022\/?s={search_term_string}\"},\"query-input\":{\"@type\":\"PropertyValueSpecification\",\"valueRequired\":true,\"valueName\":\"search_term_string\"}}],\"inLanguage\":\"en-US\"}]}<\/script>\n<!-- \/ Yoast SEO plugin. -->","yoast_head_json":{"title":"Phoenix Contact - FACTORY 4.0","robots":{"index":"index","follow":"follow","max-snippet":"max-snippet:-1","max-image-preview":"max-image-preview:large","max-video-preview":"max-video-preview:-1"},"canonical":"https:\/\/factory40.ro\/2022\/partners\/phoenix-contact\/","og_locale":"en_US","og_type":"article","og_title":"Phoenix Contact - FACTORY 4.0","og_description":"WHO HELP US Our Partners Markus Kick Phoenix Contact Markus Kick Phoenix Contact Website: https:\/\/www.phoenixcontact.com\/ro-ro\/ Phoenix Contact are o prezent\u0103 \u00een Rom\u00e2nia din 2005 ca o filial\u0103 integral detinut\u0103 de produc\u0103torul global de tehnologie cu acela\u0219i nume. Cu sediu central \u00een Bucure\u0219ti \u0219i reprezenan\u021bi de v\u00e2nz\u0103ri \u00een toate regiunile de dezvoltare ale \u021b\u0103rii, Phoenix Contact [&hellip;]","og_url":"https:\/\/factory40.ro\/2022\/partners\/phoenix-contact\/","og_site_name":"FACTORY 4.0","article_modified_time":"2022-11-14T09:28:11+00:00","og_image":[{"url":"https:\/\/factory40.ro\/2022\/wp-content\/uploads\/2022\/07\/Phoenix-Contact-Logo-Confference-FACTORY-40-01-01.png"}],"twitter_card":"summary_large_image","twitter_misc":{"Est. reading time":"2 minutes"},"schema":{"@context":"https:\/\/schema.org","@graph":[{"@type":"WebPage","@id":"https:\/\/factory40.ro\/2022\/partners\/phoenix-contact\/","url":"https:\/\/factory40.ro\/2022\/partners\/phoenix-contact\/","name":"Phoenix Contact - FACTORY 4.0","isPartOf":{"@id":"https:\/\/factory40.ro\/2022\/#website"},"primaryImageOfPage":{"@id":"https:\/\/factory40.ro\/2022\/partners\/phoenix-contact\/#primaryimage"},"image":{"@id":"https:\/\/factory40.ro\/2022\/partners\/phoenix-contact\/#primaryimage"},"thumbnailUrl":"https:\/\/factory40.ro\/2022\/wp-content\/uploads\/2022\/07\/Phoenix-Contact-Logo-Confference-FACTORY-40-01-01.png","datePublished":"2022-11-14T09:22:04+00:00","dateModified":"2022-11-14T09:28:11+00:00","breadcrumb":{"@id":"https:\/\/factory40.ro\/2022\/partners\/phoenix-contact\/#breadcrumb"},"inLanguage":"en-US","potentialAction":[{"@type":"ReadAction","target":["https:\/\/factory40.ro\/2022\/partners\/phoenix-contact\/"]}]},{"@type":"ImageObject","inLanguage":"en-US","@id":"https:\/\/factory40.ro\/2022\/partners\/phoenix-contact\/#primaryimage","url":"https:\/\/factory40.ro\/2022\/wp-content\/uploads\/2022\/07\/Phoenix-Contact-Logo-Confference-FACTORY-40-01-01.png","contentUrl":"https:\/\/factory40.ro\/2022\/wp-content\/uploads\/2022\/07\/Phoenix-Contact-Logo-Confference-FACTORY-40-01-01.png","width":147,"height":43},{"@type":"BreadcrumbList","@id":"https:\/\/factory40.ro\/2022\/partners\/phoenix-contact\/#breadcrumb","itemListElement":[{"@type":"ListItem","position":1,"name":"Home","item":"https:\/\/factory40.ro\/2022\/"},{"@type":"ListItem","position":2,"name":"Partners","item":"https:\/\/factory40.ro\/2022\/partners\/"},{"@type":"ListItem","position":3,"name":"Phoenix Contact"}]},{"@type":"WebSite","@id":"https:\/\/factory40.ro\/2022\/#website","url":"https:\/\/factory40.ro\/2022\/","name":"FACTORY 4.0","description":"CONFERENCE 2022","potentialAction":[{"@type":"SearchAction","target":{"@type":"EntryPoint","urlTemplate":"https:\/\/factory40.ro\/2022\/?s={search_term_string}"},"query-input":{"@type":"PropertyValueSpecification","valueRequired":true,"valueName":"search_term_string"}}],"inLanguage":"en-US"}]}},"_links":{"self":[{"href":"https:\/\/factory40.ro\/2022\/wp-json\/wp\/v2\/pages\/5865"}],"collection":[{"href":"https:\/\/factory40.ro\/2022\/wp-json\/wp\/v2\/pages"}],"about":[{"href":"https:\/\/factory40.ro\/2022\/wp-json\/wp\/v2\/types\/page"}],"author":[{"embeddable":true,"href":"https:\/\/factory40.ro\/2022\/wp-json\/wp\/v2\/users\/3"}],"replies":[{"embeddable":true,"href":"https:\/\/factory40.ro\/2022\/wp-json\/wp\/v2\/comments?post=5865"}],"version-history":[{"count":8,"href":"https:\/\/factory40.ro\/2022\/wp-json\/wp\/v2\/pages\/5865\/revisions"}],"predecessor-version":[{"id":5873,"href":"https:\/\/factory40.ro\/2022\/wp-json\/wp\/v2\/pages\/5865\/revisions\/5873"}],"up":[{"embeddable":true,"href":"https:\/\/factory40.ro\/2022\/wp-json\/wp\/v2\/pages\/1147"}],"wp:attachment":[{"href":"https:\/\/factory40.ro\/2022\/wp-json\/wp\/v2\/media?parent=5865"}],"curies":[{"name":"wp","href":"https:\/\/api.w.org\/{rel}","templated":true}]}}